{"id":57,"date":"2015-02-17T14:26:15","date_gmt":"2015-02-17T14:26:15","guid":{"rendered":"http:\/\/centrenautique.etaples-sur-mer.fr\/?page_id=57"},"modified":"2023-06-22T08:53:55","modified_gmt":"2023-06-22T07:53:55","slug":"voile-junior","status":"publish","type":"page","link":"https:\/\/centrenautique.etaples-sur-mer.fr\/accueil\/voile-junior\/","title":{"rendered":"<strong>Voile junior<\/strong>"},"content":{"rendered":"<div data-colibri-id=\"57-c1\" class=\"style-271 style-local-57-c1 position-relative\">\n  <!---->\n  <div data-colibri-component=\"section\" data-colibri-id=\"57-c2\" id=\"initial-content\" class=\"h-section h-section-global-spacing d-flex align-items-lg-center align-items-md-center align-items-center style-272 style-local-57-c2 position-relative\">\n    <!---->\n    <!---->\n    <div class=\"h-section-grid-container h-section-boxed-container\">\n      <!---->\n      <div data-colibri-id=\"57-c3\" class=\"h-row-container gutters-row-lg-2 gutters-row-md-2 gutters-row-0 gutters-row-v-lg-2 gutters-row-v-md-2 gutters-row-v-2 style-273 style-local-57-c3 position-relative\">\n        <!---->\n        <div class=\"h-row justify-content-lg-center justify-content-md-center justify-content-center align-items-lg-stretch align-items-md-stretch align-items-stretch gutters-col-lg-2 gutters-col-md-2 gutters-col-0 gutters-col-v-lg-2 gutters-col-v-md-2 gutters-col-v-2\">\n          <!---->\n          <div class=\"h-column h-column-container d-flex h-col-lg-auto h-col-md-auto h-col-auto style-274-outer style-local-57-c4-outer\">\n            <div data-colibri-id=\"57-c4\" class=\"d-flex h-flex-basis h-column__inner h-px-lg-2 h-px-md-2 h-px-2 v-inner-lg-2 v-inner-md-2 v-inner-2 style-274 style-local-57-c4 position-relative\">\n              <!---->\n              <!---->\n              <div class=\"w-100 h-y-container h-column__content h-column__v-align flex-basis-100 align-self-lg-start align-self-md-start align-self-start\">\n                <!---->\n                <div data-colibri-id=\"57-c5\" class=\"h-text h-text-component style-326 style-local-57-c5 position-relative h-element\">\n                  <!---->\n                  <!---->\n                  <div class=\"\">\n                    <p><strong><div class=\"su-heading su-heading-style-default su-heading-align-center\" id=\"\" style=\"font-size:28px;margin-bottom:20px\"><div class=\"su-heading-inner\">Optimist de 7 \u00e0 11 ans<\/div><\/div><\/strong><\/p>\n                  <\/div>\n                <\/div>\n              <\/div>\n            <\/div>\n          <\/div>\n        <\/div>\n      <\/div>\n    <\/div>\n  <\/div>\n  <div data-colibri-component=\"section\" data-colibri-id=\"57-c6\" id=\"custom\" class=\"h-section h-section-global-spacing d-flex align-items-lg-center align-items-md-center align-items-center style-328 style-local-57-c6 position-relative\">\n    <!---->\n    <!---->\n    <div class=\"h-section-grid-container h-section-boxed-container\">\n      <!---->\n      <div data-colibri-id=\"57-c7\" class=\"h-row-container gutters-row-lg-2 gutters-row-md-2 gutters-row-0 gutters-row-v-lg-2 gutters-row-v-md-2 gutters-row-v-2 style-329 style-local-57-c7 position-relative\">\n        <!---->\n        <div class=\"h-row justify-content-lg-center justify-content-md-center justify-content-center align-items-lg-stretch align-items-md-stretch align-items-stretch gutters-col-lg-2 gutters-col-md-2 gutters-col-0 gutters-col-v-lg-2 gutters-col-v-md-2 gutters-col-v-2\">\n          <!---->\n          <div class=\"h-column h-column-container d-flex h-col-lg-auto h-col-md-auto h-col-auto style-330-outer style-local-57-c8-outer\">\n            <div data-colibri-id=\"57-c8\" class=\"d-flex h-flex-basis h-column__inner h-px-lg-2 h-px-md-2 h-px-2 v-inner-lg-2 v-inner-md-2 v-inner-2 style-330 style-local-57-c8 position-relative\">\n              <!---->\n              <!---->\n              <div class=\"w-100 h-y-container h-column__content h-column__v-align flex-basis-100 align-self-lg-center align-self-md-center align-self-center\">\n                <!---->\n                <div data-colibri-id=\"57-c9\" class=\"h-text h-text-component style-332 style-local-57-c9 position-relative h-element\">\n                  <!---->\n                  <!---->\n                  <div class=\"\">\n                    <p><em>\u00ab\u00a0Sur ma caisse \u00e0 savon je n&rsquo;ai peur de rien. Avec mes copines, nous avons appris \u00e0 nous servir de la barre pour diriger, \u00e0 gonfler la voile pour avancer.<br>Mais ce que j&rsquo;ai ador\u00e9, c&rsquo;est faire d\u00e9ssaler mon bateau pour apprendre \u00e0 le redresser !\u00a0\u00bb<\/em>                      ( Sophie 8 ans )Stages D\u00e9butants &#8211; Perfectionnement &#8211; Semaine.<\/p>\n                  <\/div>\n                <\/div>\n              <\/div>\n            <\/div>\n          <\/div>\n          <div class=\"h-column h-column-container d-flex h-col-lg-auto h-col-md-auto h-col-auto style-331-outer style-local-57-c10-outer\">\n            <div data-colibri-id=\"57-c10\" class=\"d-flex h-flex-basis h-column__inner h-px-lg-2 h-px-md-2 h-px-2 v-inner-lg-2 v-inner-md-2 v-inner-2 style-331 style-local-57-c10 position-relative\">\n              <!---->\n              <!---->\n              <div class=\"w-100 h-y-container h-column__content h-column__v-align flex-basis-100 align-self-lg-start align-self-md-start align-self-start\">\n                <!---->\n                <div data-colibri-id=\"57-c11\" class=\"d-block style-333 style-local-57-c11 position-relative h-element\">\n                  <!---->\n                  <div class=\"h-image__frame-container-outer\">\n                    <div class=\"h-image__frame-container\">\n                      <!---->\n                      <!---->\n                      <img fetchpriority=\"high\" decoding=\"async\" width=\"694\" height=\"169\" src=\"https:\/\/centrenautique.etaples-sur-mer.fr\/wp-content\/uploads\/2015\/02\/cropped-Voile_junior1-e1424355695626.png\" class=\"wp-image-2307 style-333-image style-local-57-c11-image\" alt=\"\" srcset=\"https:\/\/centrenautique.etaples-sur-mer.fr\/wp-content\/uploads\/2015\/02\/cropped-Voile_junior1-e1424355695626.png 694w, https:\/\/centrenautique.etaples-sur-mer.fr\/wp-content\/uploads\/2015\/02\/cropped-Voile_junior1-e1424355695626-300x73.png 300w, https:\/\/centrenautique.etaples-sur-mer.fr\/wp-content\/uploads\/2015\/02\/cropped-Voile_junior1-e1424355695626-600x146.png 600w\" sizes=\"(max-width: 694px) 100vw, 694px\" \/>\n                      <div class=\"h-image__frame h-hide-lg h-hide-md h-hide-sm style-333-frameImage style-local-57-c11-frameImage\"><\/div>\n                    <\/div>\n                  <\/div>\n                <\/div>\n              <\/div>\n            <\/div>\n          <\/div>\n        <\/div>\n      <\/div>\n    <\/div>\n  <\/div>\n  <div data-colibri-component=\"section\" data-colibri-id=\"57-c12\" id=\"custom-2\" class=\"h-section h-section-global-spacing d-flex align-items-lg-center align-items-md-center align-items-center style-334 style-local-57-c12 position-relative\">\n    <!---->\n    <!---->\n    <div class=\"h-section-grid-container h-section-boxed-container\">\n      <!---->\n      <div data-colibri-id=\"57-c13\" class=\"h-row-container gutters-row-lg-2 gutters-row-md-2 gutters-row-0 gutters-row-v-lg-2 gutters-row-v-md-2 gutters-row-v-2 style-335 style-local-57-c13 position-relative\">\n        <!---->\n        <div class=\"h-row justify-content-lg-center justify-content-md-center justify-content-center align-items-lg-stretch align-items-md-stretch align-items-stretch gutters-col-lg-2 gutters-col-md-2 gutters-col-0 gutters-col-v-lg-2 gutters-col-v-md-2 gutters-col-v-2\">\n          <!---->\n          <div class=\"h-column h-column-container d-flex h-col-lg-auto h-col-md-auto h-col-auto style-336-outer style-local-57-c14-outer\">\n            <div data-colibri-id=\"57-c14\" class=\"d-flex h-flex-basis h-column__inner h-px-lg-2 h-px-md-2 h-px-2 v-inner-lg-2 v-inner-md-2 v-inner-2 style-336 style-local-57-c14 position-relative\">\n              <!---->\n              <!---->\n              <div class=\"w-100 h-y-container h-column__content h-column__v-align flex-basis-100 align-self-lg-start align-self-md-start align-self-start\">\n                <!---->\n                <div data-colibri-id=\"57-c15\" class=\"h-text h-text-component style-341 style-local-57-c15 position-relative h-element\">\n                  <!---->\n                  <!---->\n                  <div class=\"\">\n                    <div class=\"su-heading su-heading-style-default su-heading-align-center\" id=\"\" style=\"font-size:26px;margin-bottom:20px\"><div class=\"su-heading-inner\"><strong>Catamaran NC 12 de 12 \u00e0 14 ans<\/strong><\/div><\/div>\n                  <\/div>\n                <\/div>\n              <\/div>\n            <\/div>\n          <\/div>\n        <\/div>\n      <\/div>\n    <\/div>\n  <\/div>\n  <div data-colibri-component=\"section\" data-colibri-id=\"57-c16\" id=\"custom-3\" class=\"h-section h-section-global-spacing d-flex align-items-lg-center align-items-md-center align-items-center style-337 style-local-57-c16 position-relative\">\n    <!---->\n    <!---->\n    <div class=\"h-section-grid-container h-section-boxed-container\">\n      <!---->\n      <div data-colibri-id=\"57-c17\" class=\"h-row-container gutters-row-lg-2 gutters-row-md-2 gutters-row-0 gutters-row-v-lg-2 gutters-row-v-md-2 gutters-row-v-2 style-338 style-local-57-c17 position-relative\">\n        <!---->\n        <div class=\"h-row justify-content-lg-center justify-content-md-center justify-content-center align-items-lg-stretch align-items-md-stretch align-items-stretch gutters-col-lg-2 gutters-col-md-2 gutters-col-0 gutters-col-v-lg-2 gutters-col-v-md-2 gutters-col-v-2\">\n          <!---->\n          <div class=\"h-column h-column-container d-flex h-col-lg-auto h-col-md-auto h-col-auto style-339-outer style-local-57-c18-outer\">\n            <div data-colibri-id=\"57-c18\" class=\"d-flex h-flex-basis h-column__inner h-px-lg-2 h-px-md-2 h-px-2 v-inner-lg-2 v-inner-md-2 v-inner-2 style-339 style-local-57-c18 position-relative\">\n              <!---->\n              <!---->\n              <div class=\"w-100 h-y-container h-column__content h-column__v-align flex-basis-100 align-self-lg-center align-self-md-center align-self-center\">\n                <!---->\n                <div data-colibri-id=\"57-c19\" class=\"h-text h-text-component style-342 style-local-57-c19 position-relative h-element\">\n                  <!---->\n                  <!---->\n                  <div class=\"\">\n                    <p><em>Apr\u00e8s 3 stages en optimist sur mon petit cata, j&rsquo;\u00e9tais le roi, mon moniteur m&rsquo;a appris \u00e0 faire du trap\u00e8ze. C&rsquo;est super d&rsquo;aller vite au dessus de l&rsquo;eau.\u00a0\u00bb<\/em> ( Nolan 12 ans)Stages D\u00e9butants &#8211; Perfectionnement &#8211; Semaine.<\/p>\n                    <p><em>Pr\u00e9voir coupe-vent, bonnet ou casquette, pulls en laine, vieilles chaussures de sport.<\/em><\/p>\n                  <\/div>\n                <\/div>\n              <\/div>\n            <\/div>\n          <\/div>\n          <div class=\"h-column h-column-container d-flex h-col-lg-auto h-col-md-auto h-col-auto style-340-outer style-local-57-c20-outer\">\n            <div data-colibri-id=\"57-c20\" class=\"d-flex h-flex-basis h-column__inner h-px-lg-2 h-px-md-2 h-px-2 v-inner-lg-2 v-inner-md-2 v-inner-2 style-340 style-local-57-c20 position-relative\">\n              <!---->\n              <!---->\n              <div class=\"w-100 h-y-container h-column__content h-column__v-align flex-basis-100 align-self-lg-start align-self-md-start align-self-start\">\n                <!---->\n                <div data-colibri-id=\"57-c21\" class=\"d-block style-343 style-local-57-c21 position-relative h-element\">\n                  <!---->\n                  <div class=\"h-image__frame-container-outer\">\n                    <div class=\"h-image__frame-container\">\n                      <!---->\n                      <!---->\n                      <img decoding=\"async\" width=\"266\" height=\"199\" src=\"https:\/\/centrenautique.etaples-sur-mer.fr\/wp-content\/uploads\/2015\/02\/cropped-Voile_junior21.png\" class=\"wp-image-2308 style-343-image style-local-57-c21-image\" alt=\"\" \/>\n                      <div class=\"h-image__frame h-hide-lg h-hide-md h-hide-sm style-343-frameImage style-local-57-c21-frameImage\"><\/div>\n                    <\/div>\n                  <\/div>\n                <\/div>\n              <\/div>\n            <\/div>\n          <\/div>\n        <\/div>\n      <\/div>\n    <\/div>\n  <\/div>\n<\/div>","protected":false},"excerpt":{"rendered":"<p>\u00ab\u00a0Sur ma caisse \u00e0 savon je n&rsquo;ai peur de rien. Avec mes copines, nous avons appris \u00e0 nous servir de la barre pour diriger, \u00e0 gonfler la voile pour avancer.Mais [&hellip;]<\/p>\n","protected":false},"author":2,"featured_media":0,"parent":0,"menu_order":0,"comment_status":"closed","ping_status":"open","template":"page-templates\/full-width-page.php","meta":{"footnotes":""},"class_list":["post-57","page","type-page","status-publish","hentry"],"yoast_head":"<!-- This site is optimized with the Yoast SEO plugin v25.1 - https:\/\/yoast.com\/wordpress\/plugins\/seo\/ -->\n<title>Voile junior -<\/title>\n<meta name=\"description\" content=\"Des stages pour les jeunes de 6 \u00e0 12 ans sont propos\u00e9s chaque ann\u00e9e. Vous aurez l&#039;occasion d&#039;essayer un Optimist, Catamaran...\" \/>\n<meta name=\"robots\" content=\"index, follow, max-snippet:-1, max-image-preview:large, max-video-preview:-1\" \/>\n<link rel=\"canonical\" href=\"https:\/\/centrenautique.etaples-sur-mer.fr\/accueil\/voile-junior\/\" \/>\n<meta property=\"og:locale\" content=\"fr_FR\" \/>\n<meta property=\"og:type\" content=\"article\" \/>\n<meta property=\"og:title\" content=\"Voile junior -\" \/>\n<meta property=\"og:description\" content=\"Des stages pour les jeunes de 6 \u00e0 12 ans sont propos\u00e9s chaque ann\u00e9e. Vous aurez l&#039;occasion d&#039;essayer un Optimist, Catamaran...\" \/>\n<meta property=\"og:url\" content=\"https:\/\/centrenautique.etaples-sur-mer.fr\/accueil\/voile-junior\/\" \/>\n<meta property=\"article:publisher\" content=\"https:\/\/www.facebook.com\/villeetaplessurmer\/\" \/>\n<meta property=\"article:modified_time\" content=\"2023-06-22T07:53:55+00:00\" \/>\n<meta property=\"og:image\" content=\"https:\/\/centrenautique.etaples-sur-mer.fr\/wp-content\/uploads\/2015\/02\/cropped-Voile_junior1-e1424355695626.png\" \/>\n<meta name=\"twitter:card\" content=\"summary_large_image\" \/>\n<meta name=\"twitter:site\" content=\"@Etaples_sur_mer\" \/>\n<meta name=\"twitter:label1\" content=\"Dur\u00e9e de lecture estim\u00e9e\" \/>\n\t<meta name=\"twitter:data1\" content=\"1 minute\" \/>\n<script type=\"application\/ld+json\" class=\"yoast-schema-graph\">{\"@context\":\"https:\/\/schema.org\",\"@graph\":[{\"@type\":\"WebPage\",\"@id\":\"https:\/\/centrenautique.etaples-sur-mer.fr\/accueil\/voile-junior\/\",\"url\":\"https:\/\/centrenautique.etaples-sur-mer.fr\/accueil\/voile-junior\/\",\"name\":\"Voile junior -\",\"isPartOf\":{\"@id\":\"https:\/\/centrenautique.etaples-sur-mer.fr\/accueil\/#website\"},\"primaryImageOfPage\":{\"@id\":\"https:\/\/centrenautique.etaples-sur-mer.fr\/accueil\/voile-junior\/#primaryimage\"},\"image\":{\"@id\":\"https:\/\/centrenautique.etaples-sur-mer.fr\/accueil\/voile-junior\/#primaryimage\"},\"thumbnailUrl\":\"https:\/\/centrenautique.etaples-sur-mer.fr\/wp-content\/uploads\/2015\/02\/cropped-Voile_junior1-e1424355695626.png\",\"datePublished\":\"2015-02-17T14:26:15+00:00\",\"dateModified\":\"2023-06-22T07:53:55+00:00\",\"description\":\"Des stages pour les jeunes de 6 \u00e0 12 ans sont propos\u00e9s chaque ann\u00e9e. Vous aurez l'occasion d'essayer un Optimist, Catamaran...\",\"breadcrumb\":{\"@id\":\"https:\/\/centrenautique.etaples-sur-mer.fr\/accueil\/voile-junior\/#breadcrumb\"},\"inLanguage\":\"fr-FR\",\"potentialAction\":[{\"@type\":\"ReadAction\",\"target\":[\"https:\/\/centrenautique.etaples-sur-mer.fr\/accueil\/voile-junior\/\"]}]},{\"@type\":\"ImageObject\",\"inLanguage\":\"fr-FR\",\"@id\":\"https:\/\/centrenautique.etaples-sur-mer.fr\/accueil\/voile-junior\/#primaryimage\",\"url\":\"https:\/\/centrenautique.etaples-sur-mer.fr\/wp-content\/uploads\/2015\/02\/cropped-Voile_junior1-e1424355695626.png\",\"contentUrl\":\"https:\/\/centrenautique.etaples-sur-mer.fr\/wp-content\/uploads\/2015\/02\/cropped-Voile_junior1-e1424355695626.png\"},{\"@type\":\"BreadcrumbList\",\"@id\":\"https:\/\/centrenautique.etaples-sur-mer.fr\/accueil\/voile-junior\/#breadcrumb\",\"itemListElement\":[{\"@type\":\"ListItem\",\"position\":1,\"name\":\"Accueil\",\"item\":\"https:\/\/centrenautique.etaples-sur-mer.fr\/accueil\/\"},{\"@type\":\"ListItem\",\"position\":2,\"name\":\"Voile junior\"}]},{\"@type\":\"WebSite\",\"@id\":\"https:\/\/centrenautique.etaples-sur-mer.fr\/accueil\/#website\",\"url\":\"https:\/\/centrenautique.etaples-sur-mer.fr\/accueil\/\",\"name\":\"\",\"description\":\"Etaples-sur-mer\",\"potentialAction\":[{\"@type\":\"SearchAction\",\"target\":{\"@type\":\"EntryPoint\",\"urlTemplate\":\"https:\/\/centrenautique.etaples-sur-mer.fr\/accueil\/?s={search_term_string}\"},\"query-input\":{\"@type\":\"PropertyValueSpecification\",\"valueRequired\":true,\"valueName\":\"search_term_string\"}}],\"inLanguage\":\"fr-FR\"}]}<\/script>\n<!-- \/ Yoast SEO plugin. -->","yoast_head_json":{"title":"Voile junior -","description":"Des stages pour les jeunes de 6 \u00e0 12 ans sont propos\u00e9s chaque ann\u00e9e. Vous aurez l'occasion d'essayer un Optimist, Catamaran...","robots":{"index":"index","follow":"follow","max-snippet":"max-snippet:-1","max-image-preview":"max-image-preview:large","max-video-preview":"max-video-preview:-1"},"canonical":"https:\/\/centrenautique.etaples-sur-mer.fr\/accueil\/voile-junior\/","og_locale":"fr_FR","og_type":"article","og_title":"Voile junior -","og_description":"Des stages pour les jeunes de 6 \u00e0 12 ans sont propos\u00e9s chaque ann\u00e9e. Vous aurez l'occasion d'essayer un Optimist, Catamaran...","og_url":"https:\/\/centrenautique.etaples-sur-mer.fr\/accueil\/voile-junior\/","article_publisher":"https:\/\/www.facebook.com\/villeetaplessurmer\/","article_modified_time":"2023-06-22T07:53:55+00:00","og_image":[{"url":"https:\/\/centrenautique.etaples-sur-mer.fr\/wp-content\/uploads\/2015\/02\/cropped-Voile_junior1-e1424355695626.png","type":"","width":"","height":""}],"twitter_card":"summary_large_image","twitter_site":"@Etaples_sur_mer","twitter_misc":{"Dur\u00e9e de lecture estim\u00e9e":"1 minute"},"schema":{"@context":"https:\/\/schema.org","@graph":[{"@type":"WebPage","@id":"https:\/\/centrenautique.etaples-sur-mer.fr\/accueil\/voile-junior\/","url":"https:\/\/centrenautique.etaples-sur-mer.fr\/accueil\/voile-junior\/","name":"Voile junior -","isPartOf":{"@id":"https:\/\/centrenautique.etaples-sur-mer.fr\/accueil\/#website"},"primaryImageOfPage":{"@id":"https:\/\/centrenautique.etaples-sur-mer.fr\/accueil\/voile-junior\/#primaryimage"},"image":{"@id":"https:\/\/centrenautique.etaples-sur-mer.fr\/accueil\/voile-junior\/#primaryimage"},"thumbnailUrl":"https:\/\/centrenautique.etaples-sur-mer.fr\/wp-content\/uploads\/2015\/02\/cropped-Voile_junior1-e1424355695626.png","datePublished":"2015-02-17T14:26:15+00:00","dateModified":"2023-06-22T07:53:55+00:00","description":"Des stages pour les jeunes de 6 \u00e0 12 ans sont propos\u00e9s chaque ann\u00e9e. Vous aurez l'occasion d'essayer un Optimist, Catamaran...","breadcrumb":{"@id":"https:\/\/centrenautique.etaples-sur-mer.fr\/accueil\/voile-junior\/#breadcrumb"},"inLanguage":"fr-FR","potentialAction":[{"@type":"ReadAction","target":["https:\/\/centrenautique.etaples-sur-mer.fr\/accueil\/voile-junior\/"]}]},{"@type":"ImageObject","inLanguage":"fr-FR","@id":"https:\/\/centrenautique.etaples-sur-mer.fr\/accueil\/voile-junior\/#primaryimage","url":"https:\/\/centrenautique.etaples-sur-mer.fr\/wp-content\/uploads\/2015\/02\/cropped-Voile_junior1-e1424355695626.png","contentUrl":"https:\/\/centrenautique.etaples-sur-mer.fr\/wp-content\/uploads\/2015\/02\/cropped-Voile_junior1-e1424355695626.png"},{"@type":"BreadcrumbList","@id":"https:\/\/centrenautique.etaples-sur-mer.fr\/accueil\/voile-junior\/#breadcrumb","itemListElement":[{"@type":"ListItem","position":1,"name":"Accueil","item":"https:\/\/centrenautique.etaples-sur-mer.fr\/accueil\/"},{"@type":"ListItem","position":2,"name":"Voile junior"}]},{"@type":"WebSite","@id":"https:\/\/centrenautique.etaples-sur-mer.fr\/accueil\/#website","url":"https:\/\/centrenautique.etaples-sur-mer.fr\/accueil\/","name":"","description":"Etaples-sur-mer","potentialAction":[{"@type":"SearchAction","target":{"@type":"EntryPoint","urlTemplate":"https:\/\/centrenautique.etaples-sur-mer.fr\/accueil\/?s={search_term_string}"},"query-input":{"@type":"PropertyValueSpecification","valueRequired":true,"valueName":"search_term_string"}}],"inLanguage":"fr-FR"}]}},"featured_media_urls":[],"_links":{"self":[{"href":"https:\/\/centrenautique.etaples-sur-mer.fr\/accueil\/wp-json\/wp\/v2\/pages\/57","targetHints":{"allow":["GET"]}}],"collection":[{"href":"https:\/\/centrenautique.etaples-sur-mer.fr\/accueil\/wp-json\/wp\/v2\/pages"}],"about":[{"href":"https:\/\/centrenautique.etaples-sur-mer.fr\/accueil\/wp-json\/wp\/v2\/types\/page"}],"author":[{"embeddable":true,"href":"https:\/\/centrenautique.etaples-sur-mer.fr\/accueil\/wp-json\/wp\/v2\/users\/2"}],"replies":[{"embeddable":true,"href":"https:\/\/centrenautique.etaples-sur-mer.fr\/accueil\/wp-json\/wp\/v2\/comments?post=57"}],"version-history":[{"count":22,"href":"https:\/\/centrenautique.etaples-sur-mer.fr\/accueil\/wp-json\/wp\/v2\/pages\/57\/revisions"}],"predecessor-version":[{"id":2414,"href":"https:\/\/centrenautique.etaples-sur-mer.fr\/accueil\/wp-json\/wp\/v2\/pages\/57\/revisions\/2414"}],"wp:attachment":[{"href":"https:\/\/centrenautique.etaples-sur-mer.fr\/accueil\/wp-json\/wp\/v2\/media?parent=57"}],"curies":[{"name":"wp","href":"https:\/\/api.w.org\/{rel}","templated":true}]}}