{"id":54,"date":"2015-02-17T14:21:26","date_gmt":"2015-02-17T14:21:26","guid":{"rendered":"http:\/\/centrenautique.etaples-sur-mer.fr\/?page_id=54"},"modified":"2024-03-19T09:57:54","modified_gmt":"2024-03-19T08:57:54","slug":"voile-ados-adultes","status":"publish","type":"page","link":"https:\/\/centrenautique.etaples-sur-mer.fr\/accueil\/voile-ados-adultes\/","title":{"rendered":"<strong>Voile Ados &amp; Adultes<\/strong>"},"content":{"rendered":"<div class=\"style-276 style-local-54-c1 position-relative\" data-colibri-id=\"54-c1\">\r\n<div id=\"custom\" class=\"h-section h-section-global-spacing d-flex align-items-lg-center align-items-md-center align-items-center style-346 style-local-54-c2 position-relative\" data-colibri-component=\"section\" data-colibri-id=\"54-c2\">\r\n<div class=\"h-section-grid-container h-section-boxed-container\">\r\n<div class=\"h-row-container gutters-row-lg-2 gutters-row-md-2 gutters-row-0 gutters-row-v-lg-2 gutters-row-v-md-2 gutters-row-v-2 style-347 style-local-54-c3 position-relative\" data-colibri-id=\"54-c3\">\r\n<div class=\"h-row justify-content-lg-center justify-content-md-center justify-content-center align-items-lg-stretch align-items-md-stretch align-items-stretch gutters-col-lg-2 gutters-col-md-2 gutters-col-0 gutters-col-v-lg-2 gutters-col-v-md-2 gutters-col-v-2\">\r\n<div class=\"h-column h-column-container d-flex h-col-lg-auto h-col-md-auto h-col-auto style-348-outer style-local-54-c4-outer\">\r\n<div class=\"d-flex h-flex-basis h-column__inner h-px-lg-2 h-px-md-2 h-px-2 v-inner-lg-2 v-inner-md-2 v-inner-2 style-348 style-local-54-c4 position-relative\" data-colibri-id=\"54-c4\">\r\n<div class=\"w-100 h-y-container h-column__content h-column__v-align flex-basis-100 align-self-lg-start align-self-md-start align-self-start\">\r\n<div class=\"h-text h-text-component style-353 style-local-54-c5 position-relative h-element\" data-colibri-id=\"54-c5\">\r\n<div class=\"\">\r\n\r\n<div class=\"su-heading su-heading-style-default su-heading-align-center\" id=\"\" style=\"font-size:26px;margin-bottom:20px\"><div class=\"su-heading-inner\"><strong>Topaz 14 (14 ans \u00e0 16 ans)<\/strong><\/div><\/div>\r\n\r\n<\/div>\r\n<\/div>\r\n<\/div>\r\n<\/div>\r\n<\/div>\r\n<\/div>\r\n<\/div>\r\n<\/div>\r\n<\/div>\r\n<div id=\"custom-2\" class=\"h-section h-section-global-spacing d-flex align-items-lg-center align-items-md-center align-items-center style-349 style-local-54-c6 position-relative\" data-colibri-component=\"section\" data-colibri-id=\"54-c6\">\r\n<div class=\"h-section-grid-container h-section-boxed-container\">\r\n<div class=\"h-row-container gutters-row-lg-2 gutters-row-md-2 gutters-row-0 gutters-row-v-lg-2 gutters-row-v-md-2 gutters-row-v-2 style-350 style-local-54-c7 position-relative\" data-colibri-id=\"54-c7\">\r\n<div class=\"h-row justify-content-lg-center justify-content-md-center justify-content-center align-items-lg-stretch align-items-md-stretch align-items-stretch gutters-col-lg-2 gutters-col-md-2 gutters-col-0 gutters-col-v-lg-2 gutters-col-v-md-2 gutters-col-v-2\">\r\n<div class=\"h-column h-column-container d-flex h-col-lg-auto h-col-md-auto h-col-auto style-351-outer style-local-54-c8-outer\">\r\n<div class=\"d-flex h-flex-basis h-column__inner h-px-lg-2 h-px-md-2 h-px-2 v-inner-lg-2 v-inner-md-2 v-inner-2 style-351 style-local-54-c8 position-relative\" data-colibri-id=\"54-c8\">\r\n<div class=\"w-100 h-y-container h-column__content h-column__v-align flex-basis-100 align-self-lg-center align-self-md-center align-self-center\">\r\n<div class=\"h-text h-text-component style-354 style-local-54-c9 position-relative h-element\" data-colibri-id=\"54-c9\">\r\n<div class=\"\">\r\n\r\n<em>Fiable et puissant, le Topaz 14 reste facilement manoeuvrable et permet aux jeunes \u00e9quipages de s&rsquo;adonner \u00e0 la performance en toute s\u00e9curit\u00e9.<\/em>\r\n\r\n<\/div>\r\n<\/div>\r\n<\/div>\r\n<\/div>\r\n<\/div>\r\n<div class=\"h-column h-column-container d-flex h-col-lg-auto h-col-md-auto h-col-auto style-352-outer style-local-54-c10-outer\">\r\n<div class=\"d-flex h-flex-basis h-column__inner h-px-lg-2 h-px-md-2 h-px-2 v-inner-lg-2 v-inner-md-2 v-inner-2 style-352 style-local-54-c10 position-relative\" data-colibri-id=\"54-c10\">\r\n<div class=\"w-100 h-y-container h-column__content h-column__v-align flex-basis-100 align-self-lg-start align-self-md-start align-self-start\">\r\n<div class=\"d-block style-355 style-local-54-c11 position-relative h-element\" data-colibri-id=\"54-c11\">\r\n<div class=\"h-image__frame-container-outer\">\r\n<div class=\"h-image__frame-container\">\r\n\r\n<img fetchpriority=\"high\" decoding=\"async\" width=\"425\" height=\"425\" class=\"wp-image-1957 style-355-image style-local-54-c11-image\" src=\"https:\/\/centrenautique.etaples-sur-mer.fr\/wp-content\/uploads\/2015\/02\/cropped-Voile_adulte3-1.jpg\" alt=\"\" srcset=\"https:\/\/centrenautique.etaples-sur-mer.fr\/wp-content\/uploads\/2015\/02\/cropped-Voile_adulte3-1.jpg 425w, https:\/\/centrenautique.etaples-sur-mer.fr\/wp-content\/uploads\/2015\/02\/cropped-Voile_adulte3-1-300x300.jpg 300w, https:\/\/centrenautique.etaples-sur-mer.fr\/wp-content\/uploads\/2015\/02\/cropped-Voile_adulte3-1-150x150.jpg 150w\" sizes=\"(max-width: 425px) 100vw, 425px\" \/>\r\n<div class=\"h-image__frame h-hide-lg h-hide-md h-hide-sm style-355-frameImage style-local-54-c11-frameImage\"><\/div>\r\n<\/div>\r\n<\/div>\r\n<\/div>\r\n<\/div>\r\n<\/div>\r\n<\/div>\r\n<\/div>\r\n<\/div>\r\n<\/div>\r\n<\/div>\r\n<div id=\"custom-3\" class=\"h-section h-section-global-spacing d-flex align-items-lg-center align-items-md-center align-items-center style-356 style-local-54-c12 position-relative\" data-colibri-component=\"section\" data-colibri-id=\"54-c12\">\r\n<div class=\"h-section-grid-container h-section-boxed-container\">\r\n<div class=\"h-row-container gutters-row-lg-2 gutters-row-md-2 gutters-row-0 gutters-row-v-lg-2 gutters-row-v-md-2 gutters-row-v-2 style-357 style-local-54-c13 position-relative\" data-colibri-id=\"54-c13\">\r\n<div class=\"h-row justify-content-lg-center justify-content-md-center justify-content-center align-items-lg-stretch align-items-md-stretch align-items-stretch gutters-col-lg-2 gutters-col-md-2 gutters-col-0 gutters-col-v-lg-2 gutters-col-v-md-2 gutters-col-v-2\">\r\n<div class=\"h-column h-column-container d-flex h-col-lg-auto h-col-md-auto h-col-auto style-358-outer style-local-54-c14-outer\">\r\n<div class=\"d-flex h-flex-basis h-column__inner h-px-lg-2 h-px-md-2 h-px-2 v-inner-lg-2 v-inner-md-2 v-inner-2 style-358 style-local-54-c14 position-relative\" data-colibri-id=\"54-c14\">\r\n<div class=\"w-100 h-y-container h-column__content h-column__v-align flex-basis-100 align-self-lg-start align-self-md-start align-self-start\">\r\n<div class=\"h-text h-text-component style-363 style-local-54-c15 position-relative h-element\" data-colibri-id=\"54-c15\"><\/div>\r\n<\/div>\r\n<\/div>\r\n<\/div>\r\n<\/div>\r\n<\/div>\r\n<\/div>\r\n<\/div>\r\n<\/div>","protected":false},"excerpt":{"rendered":"<p>Fiable et puissant, le Topaz 14 reste facilement manoeuvrable et permet aux jeunes \u00e9quipages de s&rsquo;adonner \u00e0 la performance en toute s\u00e9curit\u00e9.<\/p>\n","protected":false},"author":2,"featured_media":0,"parent":0,"menu_order":0,"comment_status":"closed","ping_status":"open","template":"page-templates\/full-width-page.php","meta":{"footnotes":""},"class_list":["post-54","page","type-page","status-publish","hentry"],"yoast_head":"<!-- This site is optimized with the Yoast SEO plugin v25.1 - https:\/\/yoast.com\/wordpress\/plugins\/seo\/ -->\n<title>Voile Ados &amp; Adultes -<\/title>\n<meta name=\"description\" content=\"Topaz 14 (14 ans \u00e0 16 ans) Fiable et puissant, le Topaz 14 reste facilement manoeuvrable et permet aux jeunes \u00e9quipages de s&#039;adonner \u00e0 la performance...\" \/>\n<meta name=\"robots\" content=\"index, follow, max-snippet:-1, max-image-preview:large, max-video-preview:-1\" \/>\n<link rel=\"canonical\" href=\"https:\/\/centrenautique.etaples-sur-mer.fr\/accueil\/voile-ados-adultes\/\" \/>\n<meta property=\"og:locale\" content=\"fr_FR\" \/>\n<meta property=\"og:type\" content=\"article\" \/>\n<meta property=\"og:title\" content=\"Voile Ados &amp; Adultes -\" \/>\n<meta property=\"og:description\" content=\"Topaz 14 (14 ans \u00e0 16 ans) Fiable et puissant, le Topaz 14 reste facilement manoeuvrable et permet aux jeunes \u00e9quipages de s&#039;adonner \u00e0 la performance...\" \/>\n<meta property=\"og:url\" content=\"https:\/\/centrenautique.etaples-sur-mer.fr\/accueil\/voile-ados-adultes\/\" \/>\n<meta property=\"article:publisher\" content=\"https:\/\/www.facebook.com\/villeetaplessurmer\/\" \/>\n<meta property=\"article:modified_time\" content=\"2024-03-19T08:57:54+00:00\" \/>\n<meta property=\"og:image\" content=\"https:\/\/centrenautique.etaples-sur-mer.fr\/wp-content\/uploads\/2015\/02\/cropped-Voile_adulte3-1.jpg\" \/>\n<meta name=\"twitter:card\" content=\"summary_large_image\" \/>\n<meta name=\"twitter:site\" content=\"@Etaples_sur_mer\" \/>\n<meta name=\"twitter:label1\" content=\"Dur\u00e9e de lecture estim\u00e9e\" \/>\n\t<meta name=\"twitter:data1\" content=\"1 minute\" \/>\n<script type=\"application\/ld+json\" class=\"yoast-schema-graph\">{\"@context\":\"https:\/\/schema.org\",\"@graph\":[{\"@type\":\"WebPage\",\"@id\":\"https:\/\/centrenautique.etaples-sur-mer.fr\/accueil\/voile-ados-adultes\/\",\"url\":\"https:\/\/centrenautique.etaples-sur-mer.fr\/accueil\/voile-ados-adultes\/\",\"name\":\"Voile Ados &amp; Adultes -\",\"isPartOf\":{\"@id\":\"https:\/\/centrenautique.etaples-sur-mer.fr\/accueil\/#website\"},\"primaryImageOfPage\":{\"@id\":\"https:\/\/centrenautique.etaples-sur-mer.fr\/accueil\/voile-ados-adultes\/#primaryimage\"},\"image\":{\"@id\":\"https:\/\/centrenautique.etaples-sur-mer.fr\/accueil\/voile-ados-adultes\/#primaryimage\"},\"thumbnailUrl\":\"https:\/\/centrenautique.etaples-sur-mer.fr\/wp-content\/uploads\/2015\/02\/cropped-Voile_adulte3-1.jpg\",\"datePublished\":\"2015-02-17T14:21:26+00:00\",\"dateModified\":\"2024-03-19T08:57:54+00:00\",\"description\":\"Topaz 14 (14 ans \u00e0 16 ans) Fiable et puissant, le Topaz 14 reste facilement manoeuvrable et permet aux jeunes \u00e9quipages de s'adonner \u00e0 la performance...\",\"breadcrumb\":{\"@id\":\"https:\/\/centrenautique.etaples-sur-mer.fr\/accueil\/voile-ados-adultes\/#breadcrumb\"},\"inLanguage\":\"fr-FR\",\"potentialAction\":[{\"@type\":\"ReadAction\",\"target\":[\"https:\/\/centrenautique.etaples-sur-mer.fr\/accueil\/voile-ados-adultes\/\"]}]},{\"@type\":\"ImageObject\",\"inLanguage\":\"fr-FR\",\"@id\":\"https:\/\/centrenautique.etaples-sur-mer.fr\/accueil\/voile-ados-adultes\/#primaryimage\",\"url\":\"https:\/\/centrenautique.etaples-sur-mer.fr\/wp-content\/uploads\/2015\/02\/cropped-Voile_adulte3-1.jpg\",\"contentUrl\":\"https:\/\/centrenautique.etaples-sur-mer.fr\/wp-content\/uploads\/2015\/02\/cropped-Voile_adulte3-1.jpg\"},{\"@type\":\"BreadcrumbList\",\"@id\":\"https:\/\/centrenautique.etaples-sur-mer.fr\/accueil\/voile-ados-adultes\/#breadcrumb\",\"itemListElement\":[{\"@type\":\"ListItem\",\"position\":1,\"name\":\"Accueil\",\"item\":\"https:\/\/centrenautique.etaples-sur-mer.fr\/accueil\/\"},{\"@type\":\"ListItem\",\"position\":2,\"name\":\"Voile Ados &amp; Adultes\"}]},{\"@type\":\"WebSite\",\"@id\":\"https:\/\/centrenautique.etaples-sur-mer.fr\/accueil\/#website\",\"url\":\"https:\/\/centrenautique.etaples-sur-mer.fr\/accueil\/\",\"name\":\"\",\"description\":\"Etaples-sur-mer\",\"potentialAction\":[{\"@type\":\"SearchAction\",\"target\":{\"@type\":\"EntryPoint\",\"urlTemplate\":\"https:\/\/centrenautique.etaples-sur-mer.fr\/accueil\/?s={search_term_string}\"},\"query-input\":{\"@type\":\"PropertyValueSpecification\",\"valueRequired\":true,\"valueName\":\"search_term_string\"}}],\"inLanguage\":\"fr-FR\"}]}<\/script>\n<!-- \/ Yoast SEO plugin. -->","yoast_head_json":{"title":"Voile Ados &amp; Adultes -","description":"Topaz 14 (14 ans \u00e0 16 ans) Fiable et puissant, le Topaz 14 reste facilement manoeuvrable et permet aux jeunes \u00e9quipages de s'adonner \u00e0 la performance...","robots":{"index":"index","follow":"follow","max-snippet":"max-snippet:-1","max-image-preview":"max-image-preview:large","max-video-preview":"max-video-preview:-1"},"canonical":"https:\/\/centrenautique.etaples-sur-mer.fr\/accueil\/voile-ados-adultes\/","og_locale":"fr_FR","og_type":"article","og_title":"Voile Ados &amp; Adultes -","og_description":"Topaz 14 (14 ans \u00e0 16 ans) Fiable et puissant, le Topaz 14 reste facilement manoeuvrable et permet aux jeunes \u00e9quipages de s'adonner \u00e0 la performance...","og_url":"https:\/\/centrenautique.etaples-sur-mer.fr\/accueil\/voile-ados-adultes\/","article_publisher":"https:\/\/www.facebook.com\/villeetaplessurmer\/","article_modified_time":"2024-03-19T08:57:54+00:00","og_image":[{"url":"https:\/\/centrenautique.etaples-sur-mer.fr\/wp-content\/uploads\/2015\/02\/cropped-Voile_adulte3-1.jpg","type":"","width":"","height":""}],"twitter_card":"summary_large_image","twitter_site":"@Etaples_sur_mer","twitter_misc":{"Dur\u00e9e de lecture estim\u00e9e":"1 minute"},"schema":{"@context":"https:\/\/schema.org","@graph":[{"@type":"WebPage","@id":"https:\/\/centrenautique.etaples-sur-mer.fr\/accueil\/voile-ados-adultes\/","url":"https:\/\/centrenautique.etaples-sur-mer.fr\/accueil\/voile-ados-adultes\/","name":"Voile Ados &amp; Adultes -","isPartOf":{"@id":"https:\/\/centrenautique.etaples-sur-mer.fr\/accueil\/#website"},"primaryImageOfPage":{"@id":"https:\/\/centrenautique.etaples-sur-mer.fr\/accueil\/voile-ados-adultes\/#primaryimage"},"image":{"@id":"https:\/\/centrenautique.etaples-sur-mer.fr\/accueil\/voile-ados-adultes\/#primaryimage"},"thumbnailUrl":"https:\/\/centrenautique.etaples-sur-mer.fr\/wp-content\/uploads\/2015\/02\/cropped-Voile_adulte3-1.jpg","datePublished":"2015-02-17T14:21:26+00:00","dateModified":"2024-03-19T08:57:54+00:00","description":"Topaz 14 (14 ans \u00e0 16 ans) Fiable et puissant, le Topaz 14 reste facilement manoeuvrable et permet aux jeunes \u00e9quipages de s'adonner \u00e0 la performance...","breadcrumb":{"@id":"https:\/\/centrenautique.etaples-sur-mer.fr\/accueil\/voile-ados-adultes\/#breadcrumb"},"inLanguage":"fr-FR","potentialAction":[{"@type":"ReadAction","target":["https:\/\/centrenautique.etaples-sur-mer.fr\/accueil\/voile-ados-adultes\/"]}]},{"@type":"ImageObject","inLanguage":"fr-FR","@id":"https:\/\/centrenautique.etaples-sur-mer.fr\/accueil\/voile-ados-adultes\/#primaryimage","url":"https:\/\/centrenautique.etaples-sur-mer.fr\/wp-content\/uploads\/2015\/02\/cropped-Voile_adulte3-1.jpg","contentUrl":"https:\/\/centrenautique.etaples-sur-mer.fr\/wp-content\/uploads\/2015\/02\/cropped-Voile_adulte3-1.jpg"},{"@type":"BreadcrumbList","@id":"https:\/\/centrenautique.etaples-sur-mer.fr\/accueil\/voile-ados-adultes\/#breadcrumb","itemListElement":[{"@type":"ListItem","position":1,"name":"Accueil","item":"https:\/\/centrenautique.etaples-sur-mer.fr\/accueil\/"},{"@type":"ListItem","position":2,"name":"Voile Ados &amp; Adultes"}]},{"@type":"WebSite","@id":"https:\/\/centrenautique.etaples-sur-mer.fr\/accueil\/#website","url":"https:\/\/centrenautique.etaples-sur-mer.fr\/accueil\/","name":"","description":"Etaples-sur-mer","potentialAction":[{"@type":"SearchAction","target":{"@type":"EntryPoint","urlTemplate":"https:\/\/centrenautique.etaples-sur-mer.fr\/accueil\/?s={search_term_string}"},"query-input":{"@type":"PropertyValueSpecification","valueRequired":true,"valueName":"search_term_string"}}],"inLanguage":"fr-FR"}]}},"featured_media_urls":[],"_links":{"self":[{"href":"https:\/\/centrenautique.etaples-sur-mer.fr\/accueil\/wp-json\/wp\/v2\/pages\/54","targetHints":{"allow":["GET"]}}],"collection":[{"href":"https:\/\/centrenautique.etaples-sur-mer.fr\/accueil\/wp-json\/wp\/v2\/pages"}],"about":[{"href":"https:\/\/centrenautique.etaples-sur-mer.fr\/accueil\/wp-json\/wp\/v2\/types\/page"}],"author":[{"embeddable":true,"href":"https:\/\/centrenautique.etaples-sur-mer.fr\/accueil\/wp-json\/wp\/v2\/users\/2"}],"replies":[{"embeddable":true,"href":"https:\/\/centrenautique.etaples-sur-mer.fr\/accueil\/wp-json\/wp\/v2\/comments?post=54"}],"version-history":[{"count":17,"href":"https:\/\/centrenautique.etaples-sur-mer.fr\/accueil\/wp-json\/wp\/v2\/pages\/54\/revisions"}],"predecessor-version":[{"id":2635,"href":"https:\/\/centrenautique.etaples-sur-mer.fr\/accueil\/wp-json\/wp\/v2\/pages\/54\/revisions\/2635"}],"wp:attachment":[{"href":"https:\/\/centrenautique.etaples-sur-mer.fr\/accueil\/wp-json\/wp\/v2\/media?parent=54"}],"curies":[{"name":"wp","href":"https:\/\/api.w.org\/{rel}","templated":true}]}}