{"id":43,"date":"2015-02-17T14:13:32","date_gmt":"2015-02-17T14:13:32","guid":{"rendered":"http:\/\/centrenautique.etaples-sur-mer.fr\/?page_id=43"},"modified":"2024-03-19T10:01:19","modified_gmt":"2024-03-19T09:01:19","slug":"planche-a-voile","status":"publish","type":"page","link":"https:\/\/centrenautique.etaples-sur-mer.fr\/accueil\/planche-a-voile\/","title":{"rendered":"<h1><strong>Planche \u00e0 voile<\/strong><\/h1>"},"content":{"rendered":"<div class=\"style-266 style-local-43-c1 position-relative\" data-colibri-id=\"43-c1\">\r\n<div id=\"custom\" class=\"h-section h-section-global-spacing d-flex align-items-lg-center align-items-md-center align-items-center style-366 style-local-43-c2 position-relative\" data-colibri-component=\"section\" data-colibri-id=\"43-c2\">\r\n<div class=\"h-section-grid-container h-section-boxed-container\">\r\n<div class=\"h-row-container gutters-row-lg-2 gutters-row-md-2 gutters-row-0 gutters-row-v-lg-2 gutters-row-v-md-2 gutters-row-v-2 style-367 style-local-43-c3 position-relative\" data-colibri-id=\"43-c3\">\r\n<div class=\"h-row justify-content-lg-center justify-content-md-center justify-content-center align-items-lg-stretch align-items-md-stretch align-items-stretch gutters-col-lg-2 gutters-col-md-2 gutters-col-0 gutters-col-v-lg-2 gutters-col-v-md-2 gutters-col-v-2\">\r\n<div class=\"h-column h-column-container d-flex h-col-lg-auto h-col-md-auto h-col-auto style-368-outer style-local-43-c4-outer\">\r\n<div class=\"d-flex h-flex-basis h-column__inner h-px-lg-2 h-px-md-2 h-px-2 v-inner-lg-2 v-inner-md-2 v-inner-2 style-368 style-local-43-c4 position-relative\" data-colibri-id=\"43-c4\">\r\n<div class=\"w-100 h-y-container h-column__content h-column__v-align flex-basis-100 align-self-lg-center align-self-md-center align-self-center\">\r\n<div class=\"h-text h-text-component style-371 style-local-43-c5 position-relative h-element\" data-colibri-id=\"43-c5\">\r\n<div class=\"\">\r\n\r\n<em>A peine sur la planche \u00e0 voile vous \u00eates conquis.\r\nIl n&rsquo;y a plus que vous, l&rsquo;eau et le vent. La voile se gonfle, l&rsquo;eau l\u00e8che vos pieds, devant vous l&rsquo;horizon scintillant vous appelle.\r\nComment r\u00e9sister ?<\/em> Planches : BIC\r\nD293 Le samedi en saison.\r\n\r\n<strong>D\u00e9butant &#8211; Perfectionnement &#8211; Stages semaines.<\/strong>\r\n\r\n<\/div>\r\n<\/div>\r\n<\/div>\r\n<\/div>\r\n<\/div>\r\n<div class=\"h-column h-column-container d-flex h-col-lg-auto h-col-md-auto h-col-auto style-369-outer style-local-43-c6-outer\">\r\n<div class=\"d-flex h-flex-basis h-column__inner h-px-lg-2 h-px-md-2 h-px-2 v-inner-lg-2 v-inner-md-2 v-inner-2 style-369 style-local-43-c6 position-relative\" data-colibri-id=\"43-c6\">\r\n<div class=\"w-100 h-y-container h-column__content h-column__v-align flex-basis-100 align-self-lg-start align-self-md-start align-self-start\">\r\n<div class=\"d-block style-372 style-local-43-c7 position-relative h-element\" data-colibri-id=\"43-c7\">\r\n<div class=\"h-image__frame-container-outer\">\r\n<div class=\"h-image__frame-container\">\r\n\r\n<img decoding=\"async\" width=\"199\" height=\"199\" class=\"wp-image-2089 style-372-image style-local-43-c7-image\" src=\"https:\/\/centrenautique.etaples-sur-mer.fr\/wp-content\/uploads\/2015\/02\/cropped-Planche_a_voile3-e1424340647675.png\" alt=\"\" srcset=\"https:\/\/centrenautique.etaples-sur-mer.fr\/wp-content\/uploads\/2015\/02\/cropped-Planche_a_voile3-e1424340647675.png 199w, https:\/\/centrenautique.etaples-sur-mer.fr\/wp-content\/uploads\/2015\/02\/cropped-Planche_a_voile3-e1424340647675-150x150.png 150w\" sizes=\"(max-width: 199px) 100vw, 199px\" \/>\r\n<div class=\"h-image__frame h-hide-lg h-hide-md h-hide-sm style-372-frameImage style-local-43-c7-frameImage\"><\/div>\r\n<\/div>\r\n<\/div>\r\n<\/div>\r\n<\/div>\r\n<\/div>\r\n<\/div>\r\n<div class=\"h-column h-column-container d-flex h-col-lg-auto h-col-md-auto h-col-auto style-370-outer style-local-43-c8-outer\">\r\n<div class=\"d-flex h-flex-basis h-column__inner h-px-lg-2 h-px-md-2 h-px-2 v-inner-lg-2 v-inner-md-2 v-inner-2 style-370 style-local-43-c8 position-relative\" data-colibri-id=\"43-c8\">\r\n<div class=\"w-100 h-y-container h-column__content h-column__v-align flex-basis-100 align-self-lg-start align-self-md-start align-self-start\">\r\n<div class=\"d-block style-373 style-local-43-c9 position-relative h-element\" data-colibri-id=\"43-c9\">\r\n<div class=\"h-image__frame-container-outer\">\r\n<div class=\"h-image__frame-container\">\r\n\r\n<img decoding=\"async\" width=\"198\" height=\"198\" class=\"wp-image-2091 style-373-image style-local-43-c9-image\" src=\"https:\/\/centrenautique.etaples-sur-mer.fr\/wp-content\/uploads\/2015\/02\/cropped-cropped-Planche_a_voile2-e1687245059995.png\" alt=\"\" srcset=\"https:\/\/centrenautique.etaples-sur-mer.fr\/wp-content\/uploads\/2015\/02\/cropped-cropped-Planche_a_voile2-e1687245059995.png 198w, https:\/\/centrenautique.etaples-sur-mer.fr\/wp-content\/uploads\/2015\/02\/cropped-cropped-Planche_a_voile2-e1687245059995-150x150.png 150w\" sizes=\"(max-width: 198px) 100vw, 198px\" \/>\r\n\r\n<\/div>\r\n<\/div>\r\n<\/div>\r\n<\/div>\r\n<\/div>\r\n<\/div>\r\n<\/div>\r\n<\/div>\r\n<\/div>\r\n<\/div>\r\n<div id=\"custom-2\" class=\"h-section h-section-global-spacing d-flex align-items-lg-center align-items-md-center align-items-center style-374 style-local-43-c10 position-relative\" data-colibri-component=\"section\" data-colibri-id=\"43-c10\">\r\n<div class=\"h-section-grid-container h-section-boxed-container\">\r\n<div class=\"h-row-container gutters-row-lg-2 gutters-row-md-2 gutters-row-0 gutters-row-v-lg-2 gutters-row-v-md-2 gutters-row-v-2 style-375 style-local-43-c14 position-relative\" data-colibri-id=\"43-c14\">\r\n<div class=\"h-row justify-content-lg-center justify-content-md-center justify-content-center align-items-lg-stretch align-items-md-stretch align-items-stretch gutters-col-lg-2 gutters-col-md-2 gutters-col-0 gutters-col-v-lg-2 gutters-col-v-md-2 gutters-col-v-2\">\r\n<div class=\"h-column h-column-container d-flex h-col-lg-auto h-col-md-auto h-col-auto style-376-outer style-local-43-c15-outer\">\r\n<div class=\"d-flex h-flex-basis h-column__inner h-ui-empty-state-container h-px-lg-2 h-px-md-2 h-px-2 v-inner-lg-2 v-inner-md-2 v-inner-2 style-376 style-local-43-c15 position-relative\" data-colibri-id=\"43-c15\">\r\n<div class=\"w-100 h-y-container h-column__content h-column__v-align flex-basis-100\"><\/div>\r\n<\/div>\r\n<\/div>\r\n<\/div>\r\n<\/div>\r\n<\/div>\r\n<\/div>\r\n<\/div>","protected":false},"excerpt":{"rendered":"<p>A peine sur la planche \u00e0 voile vous \u00eates conquis. Il n&rsquo;y a plus que vous, l&rsquo;eau et le vent. La voile se gonfle, l&rsquo;eau l\u00e8che vos pieds, devant vous [&hellip;]<\/p>\n","protected":false},"author":2,"featured_media":0,"parent":0,"menu_order":0,"comment_status":"closed","ping_status":"open","template":"page-templates\/full-width-page.php","meta":{"footnotes":""},"class_list":["post-43","page","type-page","status-publish","hentry"],"yoast_head":"<!-- This site is optimized with the Yoast SEO plugin v25.1 - https:\/\/yoast.com\/wordpress\/plugins\/seo\/ -->\n<title>Activit\u00e9 : Planche \u00e0 Voile -<\/title>\n<meta name=\"description\" content=\"A peine sur la planche \u00e0 voile vous \u00eates conquis. Il n&#039;y a plus que vous, l&#039;eau et le vent. Les vagues l\u00e8chent vos pieds avec devant vous, l&#039;horizon...\" \/>\n<meta name=\"robots\" content=\"index, follow, max-snippet:-1, max-image-preview:large, max-video-preview:-1\" \/>\n<link rel=\"canonical\" href=\"https:\/\/centrenautique.etaples-sur-mer.fr\/accueil\/planche-a-voile\/\" \/>\n<meta property=\"og:locale\" content=\"fr_FR\" \/>\n<meta property=\"og:type\" content=\"article\" \/>\n<meta property=\"og:title\" content=\"Activit\u00e9 : Planche \u00e0 Voile -\" \/>\n<meta property=\"og:description\" content=\"A peine sur la planche \u00e0 voile vous \u00eates conquis. Il n&#039;y a plus que vous, l&#039;eau et le vent. Les vagues l\u00e8chent vos pieds avec devant vous, l&#039;horizon...\" \/>\n<meta property=\"og:url\" content=\"https:\/\/centrenautique.etaples-sur-mer.fr\/accueil\/planche-a-voile\/\" \/>\n<meta property=\"article:publisher\" content=\"https:\/\/www.facebook.com\/villeetaplessurmer\/\" \/>\n<meta property=\"article:modified_time\" content=\"2024-03-19T09:01:19+00:00\" \/>\n<meta property=\"og:image\" content=\"https:\/\/centrenautique.etaples-sur-mer.fr\/wp-content\/uploads\/2015\/02\/cropped-Planche_a_voile3-e1424340647675.png\" \/>\n<meta name=\"twitter:card\" content=\"summary_large_image\" \/>\n<meta name=\"twitter:site\" content=\"@Etaples_sur_mer\" \/>\n<meta name=\"twitter:label1\" content=\"Dur\u00e9e de lecture estim\u00e9e\" \/>\n\t<meta name=\"twitter:data1\" content=\"1 minute\" \/>\n<script type=\"application\/ld+json\" class=\"yoast-schema-graph\">{\"@context\":\"https:\/\/schema.org\",\"@graph\":[{\"@type\":\"WebPage\",\"@id\":\"https:\/\/centrenautique.etaples-sur-mer.fr\/accueil\/planche-a-voile\/\",\"url\":\"https:\/\/centrenautique.etaples-sur-mer.fr\/accueil\/planche-a-voile\/\",\"name\":\"Activit\u00e9 : Planche \u00e0 Voile -\",\"isPartOf\":{\"@id\":\"https:\/\/centrenautique.etaples-sur-mer.fr\/accueil\/#website\"},\"primaryImageOfPage\":{\"@id\":\"https:\/\/centrenautique.etaples-sur-mer.fr\/accueil\/planche-a-voile\/#primaryimage\"},\"image\":{\"@id\":\"https:\/\/centrenautique.etaples-sur-mer.fr\/accueil\/planche-a-voile\/#primaryimage\"},\"thumbnailUrl\":\"https:\/\/centrenautique.etaples-sur-mer.fr\/wp-content\/uploads\/2015\/02\/cropped-Planche_a_voile3-e1424340647675.png\",\"datePublished\":\"2015-02-17T14:13:32+00:00\",\"dateModified\":\"2024-03-19T09:01:19+00:00\",\"description\":\"A peine sur la planche \u00e0 voile vous \u00eates conquis. Il n'y a plus que vous, l'eau et le vent. Les vagues l\u00e8chent vos pieds avec devant vous, l'horizon...\",\"breadcrumb\":{\"@id\":\"https:\/\/centrenautique.etaples-sur-mer.fr\/accueil\/planche-a-voile\/#breadcrumb\"},\"inLanguage\":\"fr-FR\",\"potentialAction\":[{\"@type\":\"ReadAction\",\"target\":[\"https:\/\/centrenautique.etaples-sur-mer.fr\/accueil\/planche-a-voile\/\"]}]},{\"@type\":\"ImageObject\",\"inLanguage\":\"fr-FR\",\"@id\":\"https:\/\/centrenautique.etaples-sur-mer.fr\/accueil\/planche-a-voile\/#primaryimage\",\"url\":\"https:\/\/centrenautique.etaples-sur-mer.fr\/wp-content\/uploads\/2015\/02\/cropped-Planche_a_voile3-e1424340647675.png\",\"contentUrl\":\"https:\/\/centrenautique.etaples-sur-mer.fr\/wp-content\/uploads\/2015\/02\/cropped-Planche_a_voile3-e1424340647675.png\"},{\"@type\":\"BreadcrumbList\",\"@id\":\"https:\/\/centrenautique.etaples-sur-mer.fr\/accueil\/planche-a-voile\/#breadcrumb\",\"itemListElement\":[{\"@type\":\"ListItem\",\"position\":1,\"name\":\"Accueil\",\"item\":\"https:\/\/centrenautique.etaples-sur-mer.fr\/accueil\/\"},{\"@type\":\"ListItem\",\"position\":2,\"name\":\"Planche \u00e0 voile\"}]},{\"@type\":\"WebSite\",\"@id\":\"https:\/\/centrenautique.etaples-sur-mer.fr\/accueil\/#website\",\"url\":\"https:\/\/centrenautique.etaples-sur-mer.fr\/accueil\/\",\"name\":\"\",\"description\":\"Etaples-sur-mer\",\"potentialAction\":[{\"@type\":\"SearchAction\",\"target\":{\"@type\":\"EntryPoint\",\"urlTemplate\":\"https:\/\/centrenautique.etaples-sur-mer.fr\/accueil\/?s={search_term_string}\"},\"query-input\":{\"@type\":\"PropertyValueSpecification\",\"valueRequired\":true,\"valueName\":\"search_term_string\"}}],\"inLanguage\":\"fr-FR\"}]}<\/script>\n<!-- \/ Yoast SEO plugin. -->","yoast_head_json":{"title":"Activit\u00e9 : Planche \u00e0 Voile -","description":"A peine sur la planche \u00e0 voile vous \u00eates conquis. Il n'y a plus que vous, l'eau et le vent. Les vagues l\u00e8chent vos pieds avec devant vous, l'horizon...","robots":{"index":"index","follow":"follow","max-snippet":"max-snippet:-1","max-image-preview":"max-image-preview:large","max-video-preview":"max-video-preview:-1"},"canonical":"https:\/\/centrenautique.etaples-sur-mer.fr\/accueil\/planche-a-voile\/","og_locale":"fr_FR","og_type":"article","og_title":"Activit\u00e9 : Planche \u00e0 Voile -","og_description":"A peine sur la planche \u00e0 voile vous \u00eates conquis. Il n'y a plus que vous, l'eau et le vent. Les vagues l\u00e8chent vos pieds avec devant vous, l'horizon...","og_url":"https:\/\/centrenautique.etaples-sur-mer.fr\/accueil\/planche-a-voile\/","article_publisher":"https:\/\/www.facebook.com\/villeetaplessurmer\/","article_modified_time":"2024-03-19T09:01:19+00:00","og_image":[{"url":"https:\/\/centrenautique.etaples-sur-mer.fr\/wp-content\/uploads\/2015\/02\/cropped-Planche_a_voile3-e1424340647675.png","type":"","width":"","height":""}],"twitter_card":"summary_large_image","twitter_site":"@Etaples_sur_mer","twitter_misc":{"Dur\u00e9e de lecture estim\u00e9e":"1 minute"},"schema":{"@context":"https:\/\/schema.org","@graph":[{"@type":"WebPage","@id":"https:\/\/centrenautique.etaples-sur-mer.fr\/accueil\/planche-a-voile\/","url":"https:\/\/centrenautique.etaples-sur-mer.fr\/accueil\/planche-a-voile\/","name":"Activit\u00e9 : Planche \u00e0 Voile -","isPartOf":{"@id":"https:\/\/centrenautique.etaples-sur-mer.fr\/accueil\/#website"},"primaryImageOfPage":{"@id":"https:\/\/centrenautique.etaples-sur-mer.fr\/accueil\/planche-a-voile\/#primaryimage"},"image":{"@id":"https:\/\/centrenautique.etaples-sur-mer.fr\/accueil\/planche-a-voile\/#primaryimage"},"thumbnailUrl":"https:\/\/centrenautique.etaples-sur-mer.fr\/wp-content\/uploads\/2015\/02\/cropped-Planche_a_voile3-e1424340647675.png","datePublished":"2015-02-17T14:13:32+00:00","dateModified":"2024-03-19T09:01:19+00:00","description":"A peine sur la planche \u00e0 voile vous \u00eates conquis. Il n'y a plus que vous, l'eau et le vent. Les vagues l\u00e8chent vos pieds avec devant vous, l'horizon...","breadcrumb":{"@id":"https:\/\/centrenautique.etaples-sur-mer.fr\/accueil\/planche-a-voile\/#breadcrumb"},"inLanguage":"fr-FR","potentialAction":[{"@type":"ReadAction","target":["https:\/\/centrenautique.etaples-sur-mer.fr\/accueil\/planche-a-voile\/"]}]},{"@type":"ImageObject","inLanguage":"fr-FR","@id":"https:\/\/centrenautique.etaples-sur-mer.fr\/accueil\/planche-a-voile\/#primaryimage","url":"https:\/\/centrenautique.etaples-sur-mer.fr\/wp-content\/uploads\/2015\/02\/cropped-Planche_a_voile3-e1424340647675.png","contentUrl":"https:\/\/centrenautique.etaples-sur-mer.fr\/wp-content\/uploads\/2015\/02\/cropped-Planche_a_voile3-e1424340647675.png"},{"@type":"BreadcrumbList","@id":"https:\/\/centrenautique.etaples-sur-mer.fr\/accueil\/planche-a-voile\/#breadcrumb","itemListElement":[{"@type":"ListItem","position":1,"name":"Accueil","item":"https:\/\/centrenautique.etaples-sur-mer.fr\/accueil\/"},{"@type":"ListItem","position":2,"name":"Planche \u00e0 voile"}]},{"@type":"WebSite","@id":"https:\/\/centrenautique.etaples-sur-mer.fr\/accueil\/#website","url":"https:\/\/centrenautique.etaples-sur-mer.fr\/accueil\/","name":"","description":"Etaples-sur-mer","potentialAction":[{"@type":"SearchAction","target":{"@type":"EntryPoint","urlTemplate":"https:\/\/centrenautique.etaples-sur-mer.fr\/accueil\/?s={search_term_string}"},"query-input":{"@type":"PropertyValueSpecification","valueRequired":true,"valueName":"search_term_string"}}],"inLanguage":"fr-FR"}]}},"featured_media_urls":[],"_links":{"self":[{"href":"https:\/\/centrenautique.etaples-sur-mer.fr\/accueil\/wp-json\/wp\/v2\/pages\/43","targetHints":{"allow":["GET"]}}],"collection":[{"href":"https:\/\/centrenautique.etaples-sur-mer.fr\/accueil\/wp-json\/wp\/v2\/pages"}],"about":[{"href":"https:\/\/centrenautique.etaples-sur-mer.fr\/accueil\/wp-json\/wp\/v2\/types\/page"}],"author":[{"embeddable":true,"href":"https:\/\/centrenautique.etaples-sur-mer.fr\/accueil\/wp-json\/wp\/v2\/users\/2"}],"replies":[{"embeddable":true,"href":"https:\/\/centrenautique.etaples-sur-mer.fr\/accueil\/wp-json\/wp\/v2\/comments?post=43"}],"version-history":[{"count":20,"href":"https:\/\/centrenautique.etaples-sur-mer.fr\/accueil\/wp-json\/wp\/v2\/pages\/43\/revisions"}],"predecessor-version":[{"id":2637,"href":"https:\/\/centrenautique.etaples-sur-mer.fr\/accueil\/wp-json\/wp\/v2\/pages\/43\/revisions\/2637"}],"wp:attachment":[{"href":"https:\/\/centrenautique.etaples-sur-mer.fr\/accueil\/wp-json\/wp\/v2\/media?parent=43"}],"curies":[{"name":"wp","href":"https:\/\/api.w.org\/{rel}","templated":true}]}}