{"id":36,"date":"2015-02-17T14:04:17","date_gmt":"2015-02-17T14:04:17","guid":{"rendered":"http:\/\/centrenautique.etaples-sur-mer.fr\/?page_id=36"},"modified":"2026-03-02T10:22:28","modified_gmt":"2026-03-02T09:22:28","slug":"kayak-nature","status":"publish","type":"page","link":"https:\/\/centrenautique.etaples-sur-mer.fr\/accueil\/kayak-nature\/","title":{"rendered":"<strong>Kayak nature<\/strong>"},"content":{"rendered":"<div class=\"style-200 style-local-36-c1 position-relative\" data-colibri-id=\"36-c1\">\r\n<div id=\"custom\" class=\"h-section h-section-global-spacing d-flex align-items-lg-center align-items-md-center align-items-center style-210 style-local-36-c2 position-relative\" data-colibri-component=\"section\" data-colibri-id=\"36-c2\">\r\n<div class=\"h-section-grid-container h-section-boxed-container\">\r\n<div class=\"h-row-container gutters-row-lg-2 gutters-row-md-2 gutters-row-0 gutters-row-v-lg-2 gutters-row-v-md-2 gutters-row-v-2 style-211 style-local-36-c3 position-relative\" data-colibri-id=\"36-c3\">\r\n<div class=\"h-row justify-content-lg-center justify-content-md-center justify-content-center align-items-lg-stretch align-items-md-stretch align-items-stretch gutters-col-lg-2 gutters-col-md-2 gutters-col-0 gutters-col-v-lg-2 gutters-col-v-md-2 gutters-col-v-2\">\r\n<div class=\"h-column h-column-container d-flex h-col-lg-auto h-col-md-auto h-col-auto style-212-outer style-local-36-c4-outer\">\r\n<div class=\"d-flex h-flex-basis h-column__inner h-px-lg-2 h-px-md-2 h-px-2 v-inner-lg-2 v-inner-md-2 v-inner-2 style-212 style-local-36-c4 position-relative\" data-colibri-id=\"36-c4\">\r\n<div class=\"w-100 h-y-container h-column__content h-column__v-align flex-basis-100 align-self-lg-center align-self-md-center align-self-center\">\r\n<div class=\"h-text h-text-component style-315 style-local-36-c5 position-relative h-element\" data-colibri-id=\"36-c5\">\r\n<div class=\"\">\r\n\r\nEn juillet et ao\u00fbt, l\u2019\u00e9cole de voile vous propose de partir \u00e0 la d\u00e9couverte de la faune et de la flore de la baie de Canche. Cette activit\u00e9, r\u00e9serv\u00e9e au plus de 14 ans, est encadr\u00e9e par un moniteur dipl\u00f4m\u00e9 et un guide nature.\r\n\r\nAttention : Pour cette activit\u00e9, il est n\u00e9cessaire de pr\u00e9voir des chaussures et une tenue adapt\u00e9es. En fonction du temps (soleil, pluie ou vent), certains \u00e9l\u00e9ments comme un chapeau, casquette et m\u00eame cr\u00e8me solaire sont vivement recommand\u00e9s\r\n\r\n&nbsp;\r\n\r\n<\/div>\r\n<\/div>\r\n<\/div>\r\n<\/div>\r\n<\/div>\r\n<div class=\"h-column h-column-container d-flex h-col-lg-auto h-col-md-auto h-col-auto style-311-outer style-local-36-c6-outer\">\r\n<div class=\"d-flex h-flex-basis h-column__inner h-px-lg-2 h-px-md-2 h-px-2 v-inner-lg-2 v-inner-md-2 v-inner-2 style-311 style-local-36-c6 position-relative\" data-colibri-id=\"36-c6\">\r\n<div class=\"w-100 h-y-container h-column__content h-column__v-align flex-basis-100 align-self-lg-start align-self-md-start align-self-start\">\r\n<div class=\"d-block style-316 style-local-36-c7 position-relative h-element\" data-colibri-id=\"36-c7\">\r\n<div class=\"h-image__frame-container-outer\">\r\n<div class=\"h-image__frame-container\">\r\n\r\n<a href=\"https:\/\/centrenautique.etaples-sur-mer.fr\/wp-content\/uploads\/2026\/03\/tampons_en_pnm_picards_opale.webp\"><img decoding=\"async\" class=\"style-316-image style-local-36-c7-image alignnone wp-image-2721 \" src=\"https:\/\/centrenautique.etaples-sur-mer.fr\/wp-content\/uploads\/2026\/03\/tampons_en_pnm_picards_opale.webp\" alt=\"\" width=\"202\" height=\"202\" srcset=\"https:\/\/centrenautique.etaples-sur-mer.fr\/wp-content\/uploads\/2026\/03\/tampons_en_pnm_picards_opale.webp 690w, https:\/\/centrenautique.etaples-sur-mer.fr\/wp-content\/uploads\/2026\/03\/tampons_en_pnm_picards_opale-300x300.webp 300w, https:\/\/centrenautique.etaples-sur-mer.fr\/wp-content\/uploads\/2026\/03\/tampons_en_pnm_picards_opale-150x150.webp 150w\" sizes=\"(max-width: 202px) 100vw, 202px\" \/><\/a>\r\n<div class=\"h-image__frame h-hide-lg h-hide-md h-hide-sm style-316-frameImage style-local-36-c7-frameImage\"><\/div>\r\n<\/div>\r\n<\/div>\r\n<\/div>\r\n<\/div>\r\n<\/div>\r\n<\/div>\r\n<\/div>\r\n<\/div>\r\n<\/div>\r\n<\/div>\r\n<div id=\"custom-2\" class=\"h-section h-section-global-spacing d-flex align-items-lg-center align-items-md-center align-items-center style-312 style-local-36-c8 position-relative\" data-colibri-component=\"section\" data-colibri-id=\"36-c8\">\r\n<div class=\"h-section-grid-container h-section-boxed-container\">\r\n<div class=\"h-row-container gutters-row-lg-2 gutters-row-md-2 gutters-row-0 gutters-row-v-lg-2 gutters-row-v-md-2 gutters-row-v-2 style-319 style-local-36-c9 position-relative\" data-colibri-id=\"36-c9\">\r\n<div class=\"h-row justify-content-lg-center justify-content-md-center justify-content-center align-items-lg-stretch align-items-md-stretch align-items-stretch gutters-col-lg-2 gutters-col-md-2 gutters-col-0 gutters-col-v-lg-2 gutters-col-v-md-2 gutters-col-v-2\">\r\n<div class=\"h-column h-column-container d-flex h-col-lg-auto h-col-md-auto h-col-auto style-320-outer style-local-36-c10-outer\">\r\n<div class=\"d-flex h-flex-basis h-column__inner h-px-lg-2 h-px-md-2 h-px-2 v-inner-lg-2 v-inner-md-2 v-inner-2 style-320 style-local-36-c10 position-relative\" data-colibri-id=\"36-c10\">\r\n<div class=\"w-100 h-y-container h-column__content h-column__v-align flex-basis-100 align-self-lg-start align-self-md-start align-self-start\">\r\n<div class=\"h-text h-text-component style-318 style-local-36-c11 position-relative h-element\" data-colibri-id=\"36-c11\">\r\n<div class=\"\">\r\n\r\n\n<table id=\"tablepress-9\" class=\"tablepress tablepress-id-9\">\n<thead>\n<tr class=\"row-1\">\n\t<th class=\"column-1\">Jour<\/th><th class=\"column-2\">Date<\/th><th class=\"column-3\">Arriv\u00e9e des stagiaires<\/th><th class=\"column-4\">D\u00e9part des stagiaires<\/th>\n<\/tr>\n<\/thead>\n<tbody class=\"row-striping row-hover\">\n<tr class=\"row-2\">\n\t<td class=\"column-1\">sam<\/td><td class=\"column-2\">18-juil-26<\/td><td class=\"column-3\">11h00<\/td><td class=\"column-4\">15h00<\/td>\n<\/tr>\n<tr class=\"row-3\">\n\t<td class=\"column-1\">mer<\/td><td class=\"column-2\">22-juil-26<\/td><td class=\"column-3\">13h45<\/td><td class=\"column-4\">17h45<\/td>\n<\/tr>\n<tr class=\"row-4\">\n\t<td class=\"column-1\"><\/td><td class=\"column-2\"><\/td><td class=\"column-3\"><\/td><td class=\"column-4\"><\/td>\n<\/tr>\n<tr class=\"row-5\">\n\t<td class=\"column-1\">sam<\/td><td class=\"column-2\">1-ao\u00fbt-26<\/td><td class=\"column-3\">9h40<\/td><td class=\"column-4\">13h40<\/td>\n<\/tr>\n<tr class=\"row-6\">\n\t<td class=\"column-1\">mer<\/td><td class=\"column-2\">5-ao\u00fbt-26<\/td><td class=\"column-3\">12h<\/td><td class=\"column-4\">16h<\/td>\n<\/tr>\n<tr class=\"row-7\">\n\t<td class=\"column-1\">vend<\/td><td class=\"column-2\">7-ao\u00fbt-26<\/td><td class=\"column-3\">15h45<\/td><td class=\"column-4\">17h45<\/td>\n<\/tr>\n<tr class=\"row-8\">\n\t<td class=\"column-1\">sam<\/td><td class=\"column-2\">15-ao\u00fbt-26<\/td><td class=\"column-3\">9h45<\/td><td class=\"column-4\">13h45<\/td>\n<\/tr>\n<tr class=\"row-9\">\n\t<td class=\"column-1\">mer<\/td><td class=\"column-2\">19-ao\u00fbt-26<\/td><td class=\"column-3\">12h<\/td><td class=\"column-4\">16h<\/td>\n<\/tr>\n<tr class=\"row-10\">\n\t<td class=\"column-1\">vend<\/td><td class=\"column-2\">28-ao\u00fbt-26<\/td><td class=\"column-3\">8h30<\/td><td class=\"column-4\">12h30<\/td>\n<\/tr>\n<tr class=\"row-11\">\n\t<td class=\"column-1\"><\/td><td class=\"column-2\"><\/td><td class=\"column-3\"><\/td><td class=\"column-4\"><\/td>\n<\/tr>\n<tr class=\"row-12\">\n\t<td class=\"column-1\">sam<\/td><td class=\"column-2\">17-oct-26<\/td><td class=\"column-3\">11h20<\/td><td class=\"column-4\">15h20<\/td>\n<\/tr>\n<tr class=\"row-13\">\n\t<td class=\"column-1\"><\/td><td class=\"column-2\"><\/td><td class=\"column-3\"><\/td><td class=\"column-4\"><\/td>\n<\/tr>\n<tr class=\"row-14\">\n\t<td class=\"column-1\"><\/td><td class=\"column-2\"><\/td><td class=\"column-3\"><\/td><td class=\"column-4\"><\/td>\n<\/tr>\n<\/tbody>\n<\/table>\n<!-- #tablepress-9 from cache -->\r\n\r\n<\/div>\r\n<\/div>\r\n<\/div>\r\n<\/div>\r\n<\/div>\r\n<\/div>\r\n<\/div>\r\n<div class=\"h-row-container gutters-row-lg-2 gutters-row-md-2 gutters-row-0 gutters-row-v-lg-2 gutters-row-v-md-2 gutters-row-v-2 style-313 style-local-36-c12 position-relative\" data-colibri-id=\"36-c12\">\r\n<div class=\"h-row justify-content-lg-center justify-content-md-center justify-content-center align-items-lg-stretch align-items-md-stretch align-items-stretch gutters-col-lg-2 gutters-col-md-2 gutters-col-0 gutters-col-v-lg-2 gutters-col-v-md-2 gutters-col-v-2\">\r\n<div class=\"h-column h-column-container d-flex h-col-lg-auto h-col-md-auto h-col-auto style-314-outer style-local-36-c13-outer\">\r\n<div class=\"d-flex h-flex-basis h-column__inner h-px-lg-2 h-px-md-2 h-px-2 v-inner-lg-2 v-inner-md-2 v-inner-2 style-314 style-local-36-c13 position-relative\" data-colibri-id=\"36-c13\">\r\n<div class=\"w-100 h-y-container h-column__content h-column__v-align flex-basis-100 align-self-lg-start align-self-md-start align-self-start\">\r\n<div class=\"d-block style-317 style-local-36-c14 position-relative h-element\" data-colibri-id=\"36-c14\">\r\n<div class=\"h-image__frame-container-outer\">\r\n<div class=\"h-image__frame-container\">\r\n\r\n<img decoding=\"async\" class=\"style-317-image style-local-36-c14-image\" src=\"https:\/\/centrenautique.etaples-sur-mer.fr\/wp-content\/uploads\/2015\/02\/cropped-ImagesPageKayakNature5-e1424341960772.png\" \/>\r\n<div class=\"h-image__frame h-hide-lg h-hide-md h-hide-sm style-317-frameImage style-local-36-c14-frameImage\"><\/div>\r\n<\/div>\r\n<\/div>\r\n<\/div>\r\n<\/div>\r\n<\/div>\r\n<\/div>\r\n<\/div>\r\n<\/div>\r\n<\/div>\r\n<\/div>\r\n<\/div>","protected":false},"excerpt":{"rendered":"<p>En juillet et ao\u00fbt, l\u2019\u00e9cole de voile vous propose de partir \u00e0 la d\u00e9couverte de la faune et de la flore de la baie de Canche. Cette activit\u00e9, r\u00e9serv\u00e9e au [&hellip;]<\/p>\n","protected":false},"author":2,"featured_media":0,"parent":0,"menu_order":0,"comment_status":"closed","ping_status":"open","template":"page-templates\/full-width-page.php","meta":{"footnotes":""},"class_list":["post-36","page","type-page","status-publish","hentry"],"yoast_head":"<!-- This site is optimized with the Yoast SEO plugin v25.1 - https:\/\/yoast.com\/wordpress\/plugins\/seo\/ -->\n<title>Sorties Kayak avec l&#039;\u00e9cole de Voile -<\/title>\n<meta name=\"description\" content=\"En juillet et ao\u00fbt, l&#039;\u00e9cole de voile vous propose de partir \u00e0 la d\u00e9couverte de la faune et de la flore de la baie de Canche en compagnie d&#039;un guide...\" \/>\n<meta name=\"robots\" content=\"index, follow, max-snippet:-1, max-image-preview:large, max-video-preview:-1\" \/>\n<link rel=\"canonical\" href=\"https:\/\/centrenautique.etaples-sur-mer.fr\/accueil\/kayak-nature\/\" \/>\n<meta property=\"og:locale\" content=\"fr_FR\" \/>\n<meta property=\"og:type\" content=\"article\" \/>\n<meta property=\"og:title\" content=\"Sorties Kayak avec l&#039;\u00e9cole de Voile -\" \/>\n<meta property=\"og:description\" content=\"En juillet et ao\u00fbt, l&#039;\u00e9cole de voile vous propose de partir \u00e0 la d\u00e9couverte de la faune et de la flore de la baie de Canche en compagnie d&#039;un guide...\" \/>\n<meta property=\"og:url\" content=\"https:\/\/centrenautique.etaples-sur-mer.fr\/accueil\/kayak-nature\/\" \/>\n<meta property=\"article:publisher\" content=\"https:\/\/www.facebook.com\/villeetaplessurmer\/\" \/>\n<meta property=\"article:modified_time\" content=\"2026-03-02T09:22:28+00:00\" \/>\n<meta property=\"og:image\" content=\"https:\/\/centrenautique.etaples-sur-mer.fr\/wp-content\/uploads\/2026\/03\/tampons_en_pnm_picards_opale.webp\" \/>\n\t<meta property=\"og:image:width\" content=\"690\" \/>\n\t<meta property=\"og:image:height\" content=\"690\" \/>\n\t<meta property=\"og:image:type\" content=\"image\/webp\" \/>\n<meta name=\"twitter:card\" content=\"summary_large_image\" \/>\n<meta name=\"twitter:site\" content=\"@Etaples_sur_mer\" \/>\n<meta name=\"twitter:label1\" content=\"Dur\u00e9e de lecture estim\u00e9e\" \/>\n\t<meta name=\"twitter:data1\" content=\"1 minute\" \/>\n<script type=\"application\/ld+json\" class=\"yoast-schema-graph\">{\"@context\":\"https:\/\/schema.org\",\"@graph\":[{\"@type\":\"WebPage\",\"@id\":\"https:\/\/centrenautique.etaples-sur-mer.fr\/accueil\/kayak-nature\/\",\"url\":\"https:\/\/centrenautique.etaples-sur-mer.fr\/accueil\/kayak-nature\/\",\"name\":\"Sorties Kayak avec l'\u00e9cole de Voile -\",\"isPartOf\":{\"@id\":\"https:\/\/centrenautique.etaples-sur-mer.fr\/accueil\/#website\"},\"primaryImageOfPage\":{\"@id\":\"https:\/\/centrenautique.etaples-sur-mer.fr\/accueil\/kayak-nature\/#primaryimage\"},\"image\":{\"@id\":\"https:\/\/centrenautique.etaples-sur-mer.fr\/accueil\/kayak-nature\/#primaryimage\"},\"thumbnailUrl\":\"https:\/\/centrenautique.etaples-sur-mer.fr\/wp-content\/uploads\/2026\/03\/tampons_en_pnm_picards_opale.webp\",\"datePublished\":\"2015-02-17T14:04:17+00:00\",\"dateModified\":\"2026-03-02T09:22:28+00:00\",\"description\":\"En juillet et ao\u00fbt, l'\u00e9cole de voile vous propose de partir \u00e0 la d\u00e9couverte de la faune et de la flore de la baie de Canche en compagnie d'un guide...\",\"breadcrumb\":{\"@id\":\"https:\/\/centrenautique.etaples-sur-mer.fr\/accueil\/kayak-nature\/#breadcrumb\"},\"inLanguage\":\"fr-FR\",\"potentialAction\":[{\"@type\":\"ReadAction\",\"target\":[\"https:\/\/centrenautique.etaples-sur-mer.fr\/accueil\/kayak-nature\/\"]}]},{\"@type\":\"ImageObject\",\"inLanguage\":\"fr-FR\",\"@id\":\"https:\/\/centrenautique.etaples-sur-mer.fr\/accueil\/kayak-nature\/#primaryimage\",\"url\":\"https:\/\/centrenautique.etaples-sur-mer.fr\/wp-content\/uploads\/2026\/03\/tampons_en_pnm_picards_opale.webp\",\"contentUrl\":\"https:\/\/centrenautique.etaples-sur-mer.fr\/wp-content\/uploads\/2026\/03\/tampons_en_pnm_picards_opale.webp\"},{\"@type\":\"BreadcrumbList\",\"@id\":\"https:\/\/centrenautique.etaples-sur-mer.fr\/accueil\/kayak-nature\/#breadcrumb\",\"itemListElement\":[{\"@type\":\"ListItem\",\"position\":1,\"name\":\"Accueil\",\"item\":\"https:\/\/centrenautique.etaples-sur-mer.fr\/accueil\/\"},{\"@type\":\"ListItem\",\"position\":2,\"name\":\"Kayak nature\"}]},{\"@type\":\"WebSite\",\"@id\":\"https:\/\/centrenautique.etaples-sur-mer.fr\/accueil\/#website\",\"url\":\"https:\/\/centrenautique.etaples-sur-mer.fr\/accueil\/\",\"name\":\"\",\"description\":\"Etaples-sur-mer\",\"potentialAction\":[{\"@type\":\"SearchAction\",\"target\":{\"@type\":\"EntryPoint\",\"urlTemplate\":\"https:\/\/centrenautique.etaples-sur-mer.fr\/accueil\/?s={search_term_string}\"},\"query-input\":{\"@type\":\"PropertyValueSpecification\",\"valueRequired\":true,\"valueName\":\"search_term_string\"}}],\"inLanguage\":\"fr-FR\"}]}<\/script>\n<!-- \/ Yoast SEO plugin. -->","yoast_head_json":{"title":"Sorties Kayak avec l'\u00e9cole de Voile -","description":"En juillet et ao\u00fbt, l'\u00e9cole de voile vous propose de partir \u00e0 la d\u00e9couverte de la faune et de la flore de la baie de Canche en compagnie d'un guide...","robots":{"index":"index","follow":"follow","max-snippet":"max-snippet:-1","max-image-preview":"max-image-preview:large","max-video-preview":"max-video-preview:-1"},"canonical":"https:\/\/centrenautique.etaples-sur-mer.fr\/accueil\/kayak-nature\/","og_locale":"fr_FR","og_type":"article","og_title":"Sorties Kayak avec l'\u00e9cole de Voile -","og_description":"En juillet et ao\u00fbt, l'\u00e9cole de voile vous propose de partir \u00e0 la d\u00e9couverte de la faune et de la flore de la baie de Canche en compagnie d'un guide...","og_url":"https:\/\/centrenautique.etaples-sur-mer.fr\/accueil\/kayak-nature\/","article_publisher":"https:\/\/www.facebook.com\/villeetaplessurmer\/","article_modified_time":"2026-03-02T09:22:28+00:00","og_image":[{"width":690,"height":690,"url":"https:\/\/centrenautique.etaples-sur-mer.fr\/wp-content\/uploads\/2026\/03\/tampons_en_pnm_picards_opale.webp","type":"image\/webp"}],"twitter_card":"summary_large_image","twitter_site":"@Etaples_sur_mer","twitter_misc":{"Dur\u00e9e de lecture estim\u00e9e":"1 minute"},"schema":{"@context":"https:\/\/schema.org","@graph":[{"@type":"WebPage","@id":"https:\/\/centrenautique.etaples-sur-mer.fr\/accueil\/kayak-nature\/","url":"https:\/\/centrenautique.etaples-sur-mer.fr\/accueil\/kayak-nature\/","name":"Sorties Kayak avec l'\u00e9cole de Voile -","isPartOf":{"@id":"https:\/\/centrenautique.etaples-sur-mer.fr\/accueil\/#website"},"primaryImageOfPage":{"@id":"https:\/\/centrenautique.etaples-sur-mer.fr\/accueil\/kayak-nature\/#primaryimage"},"image":{"@id":"https:\/\/centrenautique.etaples-sur-mer.fr\/accueil\/kayak-nature\/#primaryimage"},"thumbnailUrl":"https:\/\/centrenautique.etaples-sur-mer.fr\/wp-content\/uploads\/2026\/03\/tampons_en_pnm_picards_opale.webp","datePublished":"2015-02-17T14:04:17+00:00","dateModified":"2026-03-02T09:22:28+00:00","description":"En juillet et ao\u00fbt, l'\u00e9cole de voile vous propose de partir \u00e0 la d\u00e9couverte de la faune et de la flore de la baie de Canche en compagnie d'un guide...","breadcrumb":{"@id":"https:\/\/centrenautique.etaples-sur-mer.fr\/accueil\/kayak-nature\/#breadcrumb"},"inLanguage":"fr-FR","potentialAction":[{"@type":"ReadAction","target":["https:\/\/centrenautique.etaples-sur-mer.fr\/accueil\/kayak-nature\/"]}]},{"@type":"ImageObject","inLanguage":"fr-FR","@id":"https:\/\/centrenautique.etaples-sur-mer.fr\/accueil\/kayak-nature\/#primaryimage","url":"https:\/\/centrenautique.etaples-sur-mer.fr\/wp-content\/uploads\/2026\/03\/tampons_en_pnm_picards_opale.webp","contentUrl":"https:\/\/centrenautique.etaples-sur-mer.fr\/wp-content\/uploads\/2026\/03\/tampons_en_pnm_picards_opale.webp"},{"@type":"BreadcrumbList","@id":"https:\/\/centrenautique.etaples-sur-mer.fr\/accueil\/kayak-nature\/#breadcrumb","itemListElement":[{"@type":"ListItem","position":1,"name":"Accueil","item":"https:\/\/centrenautique.etaples-sur-mer.fr\/accueil\/"},{"@type":"ListItem","position":2,"name":"Kayak nature"}]},{"@type":"WebSite","@id":"https:\/\/centrenautique.etaples-sur-mer.fr\/accueil\/#website","url":"https:\/\/centrenautique.etaples-sur-mer.fr\/accueil\/","name":"","description":"Etaples-sur-mer","potentialAction":[{"@type":"SearchAction","target":{"@type":"EntryPoint","urlTemplate":"https:\/\/centrenautique.etaples-sur-mer.fr\/accueil\/?s={search_term_string}"},"query-input":{"@type":"PropertyValueSpecification","valueRequired":true,"valueName":"search_term_string"}}],"inLanguage":"fr-FR"}]}},"featured_media_urls":[],"_links":{"self":[{"href":"https:\/\/centrenautique.etaples-sur-mer.fr\/accueil\/wp-json\/wp\/v2\/pages\/36","targetHints":{"allow":["GET"]}}],"collection":[{"href":"https:\/\/centrenautique.etaples-sur-mer.fr\/accueil\/wp-json\/wp\/v2\/pages"}],"about":[{"href":"https:\/\/centrenautique.etaples-sur-mer.fr\/accueil\/wp-json\/wp\/v2\/types\/page"}],"author":[{"embeddable":true,"href":"https:\/\/centrenautique.etaples-sur-mer.fr\/accueil\/wp-json\/wp\/v2\/users\/2"}],"replies":[{"embeddable":true,"href":"https:\/\/centrenautique.etaples-sur-mer.fr\/accueil\/wp-json\/wp\/v2\/comments?post=36"}],"version-history":[{"count":24,"href":"https:\/\/centrenautique.etaples-sur-mer.fr\/accueil\/wp-json\/wp\/v2\/pages\/36\/revisions"}],"predecessor-version":[{"id":2725,"href":"https:\/\/centrenautique.etaples-sur-mer.fr\/accueil\/wp-json\/wp\/v2\/pages\/36\/revisions\/2725"}],"wp:attachment":[{"href":"https:\/\/centrenautique.etaples-sur-mer.fr\/accueil\/wp-json\/wp\/v2\/media?parent=36"}],"curies":[{"name":"wp","href":"https:\/\/api.w.org\/{rel}","templated":true}]}}