{"id":30,"date":"2015-02-17T13:55:35","date_gmt":"2015-02-17T13:55:35","guid":{"rendered":"http:\/\/centrenautique.etaples-sur-mer.fr\/?page_id=30"},"modified":"2023-06-16T14:16:27","modified_gmt":"2023-06-16T13:16:27","slug":"horaires-ecoles-de-sport","status":"publish","type":"page","link":"https:\/\/centrenautique.etaples-sur-mer.fr\/accueil\/horaires-ecoles-de-sport\/","title":{"rendered":"<strong>Horaires Ecole de sport<\/strong>"},"content":{"rendered":"<p><strong>Informations \u00e0 venir\u00a0<\/strong><\/p>\n<p>ASE Voile CN Canche BP119 Etaples-sur-mer<br \/>\nTel\/R\u00e9p. : 03.21.94.74.26<\/p>\n<p>&nbsp;<\/p>\n","protected":false},"excerpt":{"rendered":"<p>Informations \u00e0 venir\u00a0 ASE Voile CN Canche BP119 Etaples-sur-mer Tel\/R\u00e9p. : 03.21.94.74.26 &nbsp;<\/p>\n","protected":false},"author":2,"featured_media":0,"parent":0,"menu_order":0,"comment_status":"closed","ping_status":"open","template":"","meta":{"footnotes":""},"class_list":["post-30","page","type-page","status-publish","hentry"],"yoast_head":"<!-- This site is optimized with the Yoast SEO plugin v25.1 - https:\/\/yoast.com\/wordpress\/plugins\/seo\/ -->\n<title>Horaires Ecole de sport -<\/title>\n<meta name=\"description\" content=\"Retrouvez toutes les dates et horaires des activit\u00e9s de l&#039;\u00e9cole de sport. Les dates sont susceptibles d&#039;\u00eatre annul\u00e9es ou modifi\u00e9es...\" \/>\n<meta name=\"robots\" content=\"index, follow, max-snippet:-1, max-image-preview:large, max-video-preview:-1\" \/>\n<link rel=\"canonical\" href=\"https:\/\/centrenautique.etaples-sur-mer.fr\/accueil\/horaires-ecoles-de-sport\/\" \/>\n<meta property=\"og:locale\" content=\"fr_FR\" \/>\n<meta property=\"og:type\" content=\"article\" \/>\n<meta property=\"og:title\" content=\"Horaires Ecole de sport -\" \/>\n<meta property=\"og:description\" content=\"Retrouvez toutes les dates et horaires des activit\u00e9s de l&#039;\u00e9cole de sport. Les dates sont susceptibles d&#039;\u00eatre annul\u00e9es ou modifi\u00e9es...\" \/>\n<meta property=\"og:url\" content=\"https:\/\/centrenautique.etaples-sur-mer.fr\/accueil\/horaires-ecoles-de-sport\/\" \/>\n<meta property=\"article:publisher\" content=\"https:\/\/www.facebook.com\/villeetaplessurmer\/\" \/>\n<meta property=\"article:modified_time\" content=\"2023-06-16T13:16:27+00:00\" \/>\n<meta name=\"twitter:card\" content=\"summary_large_image\" \/>\n<meta name=\"twitter:site\" content=\"@Etaples_sur_mer\" \/>\n<meta name=\"twitter:label1\" content=\"Dur\u00e9e de lecture estim\u00e9e\" \/>\n\t<meta name=\"twitter:data1\" content=\"1 minute\" \/>\n<script type=\"application\/ld+json\" class=\"yoast-schema-graph\">{\"@context\":\"https:\/\/schema.org\",\"@graph\":[{\"@type\":\"WebPage\",\"@id\":\"https:\/\/centrenautique.etaples-sur-mer.fr\/accueil\/horaires-ecoles-de-sport\/\",\"url\":\"https:\/\/centrenautique.etaples-sur-mer.fr\/accueil\/horaires-ecoles-de-sport\/\",\"name\":\"Horaires Ecole de sport -\",\"isPartOf\":{\"@id\":\"https:\/\/centrenautique.etaples-sur-mer.fr\/accueil\/#website\"},\"datePublished\":\"2015-02-17T13:55:35+00:00\",\"dateModified\":\"2023-06-16T13:16:27+00:00\",\"description\":\"Retrouvez toutes les dates et horaires des activit\u00e9s de l'\u00e9cole de sport. Les dates sont susceptibles d'\u00eatre annul\u00e9es ou modifi\u00e9es...\",\"breadcrumb\":{\"@id\":\"https:\/\/centrenautique.etaples-sur-mer.fr\/accueil\/horaires-ecoles-de-sport\/#breadcrumb\"},\"inLanguage\":\"fr-FR\",\"potentialAction\":[{\"@type\":\"ReadAction\",\"target\":[\"https:\/\/centrenautique.etaples-sur-mer.fr\/accueil\/horaires-ecoles-de-sport\/\"]}]},{\"@type\":\"BreadcrumbList\",\"@id\":\"https:\/\/centrenautique.etaples-sur-mer.fr\/accueil\/horaires-ecoles-de-sport\/#breadcrumb\",\"itemListElement\":[{\"@type\":\"ListItem\",\"position\":1,\"name\":\"Accueil\",\"item\":\"https:\/\/centrenautique.etaples-sur-mer.fr\/accueil\/\"},{\"@type\":\"ListItem\",\"position\":2,\"name\":\"Horaires Ecole de sport\"}]},{\"@type\":\"WebSite\",\"@id\":\"https:\/\/centrenautique.etaples-sur-mer.fr\/accueil\/#website\",\"url\":\"https:\/\/centrenautique.etaples-sur-mer.fr\/accueil\/\",\"name\":\"\",\"description\":\"Etaples-sur-mer\",\"potentialAction\":[{\"@type\":\"SearchAction\",\"target\":{\"@type\":\"EntryPoint\",\"urlTemplate\":\"https:\/\/centrenautique.etaples-sur-mer.fr\/accueil\/?s={search_term_string}\"},\"query-input\":{\"@type\":\"PropertyValueSpecification\",\"valueRequired\":true,\"valueName\":\"search_term_string\"}}],\"inLanguage\":\"fr-FR\"}]}<\/script>\n<!-- \/ Yoast SEO plugin. -->","yoast_head_json":{"title":"Horaires Ecole de sport -","description":"Retrouvez toutes les dates et horaires des activit\u00e9s de l'\u00e9cole de sport. Les dates sont susceptibles d'\u00eatre annul\u00e9es ou modifi\u00e9es...","robots":{"index":"index","follow":"follow","max-snippet":"max-snippet:-1","max-image-preview":"max-image-preview:large","max-video-preview":"max-video-preview:-1"},"canonical":"https:\/\/centrenautique.etaples-sur-mer.fr\/accueil\/horaires-ecoles-de-sport\/","og_locale":"fr_FR","og_type":"article","og_title":"Horaires Ecole de sport -","og_description":"Retrouvez toutes les dates et horaires des activit\u00e9s de l'\u00e9cole de sport. Les dates sont susceptibles d'\u00eatre annul\u00e9es ou modifi\u00e9es...","og_url":"https:\/\/centrenautique.etaples-sur-mer.fr\/accueil\/horaires-ecoles-de-sport\/","article_publisher":"https:\/\/www.facebook.com\/villeetaplessurmer\/","article_modified_time":"2023-06-16T13:16:27+00:00","twitter_card":"summary_large_image","twitter_site":"@Etaples_sur_mer","twitter_misc":{"Dur\u00e9e de lecture estim\u00e9e":"1 minute"},"schema":{"@context":"https:\/\/schema.org","@graph":[{"@type":"WebPage","@id":"https:\/\/centrenautique.etaples-sur-mer.fr\/accueil\/horaires-ecoles-de-sport\/","url":"https:\/\/centrenautique.etaples-sur-mer.fr\/accueil\/horaires-ecoles-de-sport\/","name":"Horaires Ecole de sport -","isPartOf":{"@id":"https:\/\/centrenautique.etaples-sur-mer.fr\/accueil\/#website"},"datePublished":"2015-02-17T13:55:35+00:00","dateModified":"2023-06-16T13:16:27+00:00","description":"Retrouvez toutes les dates et horaires des activit\u00e9s de l'\u00e9cole de sport. Les dates sont susceptibles d'\u00eatre annul\u00e9es ou modifi\u00e9es...","breadcrumb":{"@id":"https:\/\/centrenautique.etaples-sur-mer.fr\/accueil\/horaires-ecoles-de-sport\/#breadcrumb"},"inLanguage":"fr-FR","potentialAction":[{"@type":"ReadAction","target":["https:\/\/centrenautique.etaples-sur-mer.fr\/accueil\/horaires-ecoles-de-sport\/"]}]},{"@type":"BreadcrumbList","@id":"https:\/\/centrenautique.etaples-sur-mer.fr\/accueil\/horaires-ecoles-de-sport\/#breadcrumb","itemListElement":[{"@type":"ListItem","position":1,"name":"Accueil","item":"https:\/\/centrenautique.etaples-sur-mer.fr\/accueil\/"},{"@type":"ListItem","position":2,"name":"Horaires Ecole de sport"}]},{"@type":"WebSite","@id":"https:\/\/centrenautique.etaples-sur-mer.fr\/accueil\/#website","url":"https:\/\/centrenautique.etaples-sur-mer.fr\/accueil\/","name":"","description":"Etaples-sur-mer","potentialAction":[{"@type":"SearchAction","target":{"@type":"EntryPoint","urlTemplate":"https:\/\/centrenautique.etaples-sur-mer.fr\/accueil\/?s={search_term_string}"},"query-input":{"@type":"PropertyValueSpecification","valueRequired":true,"valueName":"search_term_string"}}],"inLanguage":"fr-FR"}]}},"featured_media_urls":[],"_links":{"self":[{"href":"https:\/\/centrenautique.etaples-sur-mer.fr\/accueil\/wp-json\/wp\/v2\/pages\/30","targetHints":{"allow":["GET"]}}],"collection":[{"href":"https:\/\/centrenautique.etaples-sur-mer.fr\/accueil\/wp-json\/wp\/v2\/pages"}],"about":[{"href":"https:\/\/centrenautique.etaples-sur-mer.fr\/accueil\/wp-json\/wp\/v2\/types\/page"}],"author":[{"embeddable":true,"href":"https:\/\/centrenautique.etaples-sur-mer.fr\/accueil\/wp-json\/wp\/v2\/users\/2"}],"replies":[{"embeddable":true,"href":"https:\/\/centrenautique.etaples-sur-mer.fr\/accueil\/wp-json\/wp\/v2\/comments?post=30"}],"version-history":[{"count":25,"href":"https:\/\/centrenautique.etaples-sur-mer.fr\/accueil\/wp-json\/wp\/v2\/pages\/30\/revisions"}],"predecessor-version":[{"id":2120,"href":"https:\/\/centrenautique.etaples-sur-mer.fr\/accueil\/wp-json\/wp\/v2\/pages\/30\/revisions\/2120"}],"wp:attachment":[{"href":"https:\/\/centrenautique.etaples-sur-mer.fr\/accueil\/wp-json\/wp\/v2\/media?parent=30"}],"curies":[{"name":"wp","href":"https:\/\/api.w.org\/{rel}","templated":true}]}}