{"id":222,"date":"2015-02-19T17:21:41","date_gmt":"2015-02-19T16:21:41","guid":{"rendered":"http:\/\/centrenautique.etaples-sur-mer.fr\/?page_id=222"},"modified":"2026-02-05T09:51:11","modified_gmt":"2026-02-05T08:51:11","slug":"accueil","status":"publish","type":"page","link":"https:\/\/centrenautique.etaples-sur-mer.fr\/accueil\/","title":{"rendered":"<strong>Accueil<\/strong>"},"content":{"rendered":"<div class=\"style-213 style-local-222-c1 position-relative\" data-colibri-id=\"222-c1\">\r\n<div id=\"initial-content\" class=\"h-section h-section-global-spacing d-flex align-items-lg-center align-items-md-center align-items-center style-214 style-local-222-c2 position-relative\" data-colibri-component=\"section\" data-colibri-id=\"222-c2\">\r\n<div class=\"h-section-grid-container h-section-boxed-container\">\r\n<div class=\"h-row-container gutters-row-lg-2 gutters-row-md-2 gutters-row-0 gutters-row-v-lg-2 gutters-row-v-md-2 gutters-row-v-2 style-215 style-local-222-c3 position-relative\" data-colibri-id=\"222-c3\">\r\n<div class=\"h-row justify-content-lg-center justify-content-md-center justify-content-center align-items-lg-stretch align-items-md-stretch align-items-stretch gutters-col-lg-2 gutters-col-md-2 gutters-col-0 gutters-col-v-lg-2 gutters-col-v-md-2 gutters-col-v-2\">\r\n<div class=\"h-column h-column-container d-flex h-col-lg-auto h-col-md-auto h-col-auto style-216-outer style-local-222-c4-outer\">\r\n<div class=\"d-flex h-flex-basis h-column__inner h-px-lg-2 h-px-md-2 h-px-2 v-inner-lg-2 v-inner-md-2 v-inner-2 style-216 style-local-222-c4 position-relative\" data-colibri-id=\"222-c4\">\r\n<div class=\"w-100 h-y-container h-column__content h-column__v-align flex-basis-100 align-self-lg-start align-self-md-start align-self-start\">\r\n<div class=\"style-217 style-local-222-c5 position-relative h-element\" data-colibri-id=\"222-c5\">\r\n<div>\r\n<div style=\"padding-right: 20px;\">\r\n<h1>\u00c0 LA D\u00c9COUVERTE DU \u00ab\u00a0CENTRE NAUTIQUE\u00a0\u00bb<\/h1>\r\nPour ceux qui d\u00e9sirent d\u00e9couvrir tout simplement une activit\u00e9 ou se perfectionner dans un milieu tout a fait s\u00e9curis\u00e9, l\u2019Ecole de Voile du Centre Nautique de La Canche propose au rythme des mar\u00e9es des sorties pour tous niveaux : de la voile junior \u00e0 la\r\nvoile adulte&#8230; &#8230;ou des activit\u00e9s tourn\u00e9es vers le Kayak et la Nature, dans un cadre exceptionnel : l&rsquo;estuaire de La Canche et l\u2019arri\u00e8re-pays jusque Montreuil ; ouvrez vous aux \u00e9l\u00e9ments de cet environnement gr\u00e2ce \u00e0 un encadrement\r\nconfirm\u00e9 qui connait le site, sa flore et sa faune.\r\n\r\n<\/div>\r\n<\/div>\r\n<\/div>\r\n<\/div>\r\n<\/div>\r\n<\/div>\r\n<\/div>\r\n<\/div>\r\n<\/div>\r\n<\/div>\r\n<div id=\"custom\" class=\"h-section h-section-global-spacing d-flex align-items-lg-center align-items-md-center align-items-center style-218 style-local-222-c6 position-relative\" data-colibri-component=\"section\" data-colibri-id=\"222-c6\">\r\n<div class=\"h-section-grid-container h-section-boxed-container\">\r\n<div class=\"h-row-container gutters-row-lg-2 gutters-row-md-2 gutters-row-0 gutters-row-v-lg-2 gutters-row-v-md-2 gutters-row-v-2 style-219 style-local-222-c7 position-relative\" data-colibri-id=\"222-c7\">\r\n<div class=\"h-row justify-content-lg-center justify-content-md-center justify-content-center align-items-lg-stretch align-items-md-stretch align-items-stretch gutters-col-lg-2 gutters-col-md-2 gutters-col-0 gutters-col-v-lg-2 gutters-col-v-md-2 gutters-col-v-2\">\r\n<div class=\"h-column h-column-container d-flex h-col-lg-auto h-col-md-auto h-col-auto style-220-outer style-local-222-c8-outer\">\r\n<div class=\"d-flex h-flex-basis h-column__inner h-px-lg-2 h-px-md-2 h-px-2 v-inner-lg-2 v-inner-md-2 v-inner-2 style-220 style-local-222-c8 position-relative\" data-colibri-id=\"222-c8\">\r\n<div class=\"w-100 h-y-container h-column__content h-column__v-align flex-basis-100 align-self-lg-start align-self-md-start align-self-start\">\r\n<div class=\"d-block style-224 style-local-222-c9 position-relative h-element\" data-colibri-id=\"222-c9\">\r\n<div class=\"h-image__frame-container-outer\">\r\n<div class=\"h-image__frame-container\">\r\n\r\n<img fetchpriority=\"high\" decoding=\"async\" width=\"425\" height=\"425\" class=\"wp-image-1957 style-224-image style-local-222-c9-image\" src=\"https:\/\/centrenautique.etaples-sur-mer.fr\/wp-content\/uploads\/2015\/02\/cropped-Voile_adulte3-1.jpg\" alt=\"\" srcset=\"https:\/\/centrenautique.etaples-sur-mer.fr\/wp-content\/uploads\/2015\/02\/cropped-Voile_adulte3-1.jpg 425w, https:\/\/centrenautique.etaples-sur-mer.fr\/wp-content\/uploads\/2015\/02\/cropped-Voile_adulte3-1-300x300.jpg 300w, https:\/\/centrenautique.etaples-sur-mer.fr\/wp-content\/uploads\/2015\/02\/cropped-Voile_adulte3-1-150x150.jpg 150w\" sizes=\"(max-width: 425px) 100vw, 425px\" \/>\r\n<div class=\"h-image__frame h-hide-lg h-hide-md h-hide-sm style-224-frameImage style-local-222-c9-frameImage\"><\/div>\r\n<\/div>\r\n&nbsp;\r\n\r\n<\/div>\r\n<\/div>\r\n<div class=\"h-text h-text-component style-225 style-local-222-c10 position-relative h-element\" data-colibri-id=\"222-c10\">\r\n<div class=\"\">\r\n\r\n<em style=\"font-weight: 400; font-size: 16px; font-family: 'Open Sans'; color: #46707f;\">Sa renomm\u00e9e n\u2019est plus \u00e0 faire. C\u2019est le catamaran de sport par excellence.\r\nIl combine vitesse, pr\u00e9cision et sensations fortes.\r\nAu programme : Trap\u00e8ze, longs bords de vitesse et cours th\u00e9oriques.<\/em>\r\n\r\n<\/div>\r\n<\/div>\r\n<\/div>\r\n<\/div>\r\n<\/div>\r\n<div class=\"h-column h-column-container d-flex h-col-lg-auto h-col-md-auto h-col-auto style-221-outer style-local-222-c11-outer\">\r\n<div class=\"d-flex h-flex-basis h-column__inner h-px-lg-2 h-px-md-2 h-px-2 v-inner-lg-2 v-inner-md-2 v-inner-2 style-221 style-local-222-c11 position-relative\" data-colibri-id=\"222-c11\">\r\n<div class=\"w-100 h-y-container h-column__content h-column__v-align flex-basis-100 align-self-lg-start align-self-md-start align-self-start\">\r\n<div class=\"d-block style-226 style-local-222-c12 position-relative h-element\" data-colibri-id=\"222-c12\">\r\n<div class=\"h-image__frame-container-outer\">\r\n<div class=\"h-image__frame-container\">\r\n\r\n<img decoding=\"async\" width=\"1725\" height=\"1722\" class=\"wp-image-1906 style-226-image style-local-222-c12-image\" src=\"https:\/\/centrenautique.etaples-sur-mer.fr\/wp-content\/uploads\/2022\/03\/cropped-cropped-IMG_20190706_132623-Copier.jpg\" alt=\"\" srcset=\"https:\/\/centrenautique.etaples-sur-mer.fr\/wp-content\/uploads\/2022\/03\/cropped-cropped-IMG_20190706_132623-Copier.jpg 1725w, https:\/\/centrenautique.etaples-sur-mer.fr\/wp-content\/uploads\/2022\/03\/cropped-cropped-IMG_20190706_132623-Copier-300x300.jpg 300w, https:\/\/centrenautique.etaples-sur-mer.fr\/wp-content\/uploads\/2022\/03\/cropped-cropped-IMG_20190706_132623-Copier-1024x1022.jpg 1024w, https:\/\/centrenautique.etaples-sur-mer.fr\/wp-content\/uploads\/2022\/03\/cropped-cropped-IMG_20190706_132623-Copier-150x150.jpg 150w, https:\/\/centrenautique.etaples-sur-mer.fr\/wp-content\/uploads\/2022\/03\/cropped-cropped-IMG_20190706_132623-Copier-768x767.jpg 768w, https:\/\/centrenautique.etaples-sur-mer.fr\/wp-content\/uploads\/2022\/03\/cropped-cropped-IMG_20190706_132623-Copier-1536x1533.jpg 1536w, https:\/\/centrenautique.etaples-sur-mer.fr\/wp-content\/uploads\/2022\/03\/cropped-cropped-IMG_20190706_132623-Copier-600x599.jpg 600w, https:\/\/centrenautique.etaples-sur-mer.fr\/wp-content\/uploads\/2022\/03\/cropped-cropped-IMG_20190706_132623-Copier-1200x1198.jpg 1200w, https:\/\/centrenautique.etaples-sur-mer.fr\/wp-content\/uploads\/2022\/03\/cropped-cropped-IMG_20190706_132623-Copier-800x800.jpg 800w\" sizes=\"(max-width: 1725px) 100vw, 1725px\" \/>\r\n<div class=\"h-image__frame h-hide-lg h-hide-md h-hide-sm style-226-frameImage style-local-222-c12-frameImage\"><\/div>\r\n<\/div>\r\n&nbsp;\r\n\r\n<\/div>\r\n<\/div>\r\n<div class=\"h-text h-text-component style-227 style-local-222-c13 position-relative h-element\" data-colibri-id=\"222-c13\">\r\n<div class=\"\">\r\n\r\n<span style=\"font-weight: 400; font-size: 16px; font-family: 'Open Sans'; color: #46707f;\">En juillet et ao\u00fbt, l\u2019\u00e9cole de voile vous propose de partir \u00e0 la d\u00e9couverte de la faune et de la flore de la baie de Canche. Cette activit\u00e9, r\u00e9serv\u00e9e au plus de 14 ans, est encadr\u00e9e par un moniteur dipl\u00f4m\u00e9 et un guide nature.<\/span>\r\n\r\n<\/div>\r\n<\/div>\r\n<\/div>\r\n<\/div>\r\n<\/div>\r\n<div class=\"h-column h-column-container d-flex h-col-lg-auto h-col-md-auto h-col-auto style-222-outer style-local-222-c14-outer\">\r\n<div class=\"d-flex h-flex-basis h-column__inner h-px-lg-2 h-px-md-2 h-px-2 v-inner-lg-2 v-inner-md-2 v-inner-2 style-222 style-local-222-c14 position-relative\" data-colibri-id=\"222-c14\">\r\n<div class=\"w-100 h-y-container h-column__content h-column__v-align flex-basis-100 align-self-lg-start align-self-md-start align-self-start\">\r\n<div class=\"d-block style-228 style-local-222-c15 position-relative h-element\" data-colibri-id=\"222-c15\">\r\n<div class=\"h-image__frame-container-outer\">\r\n<div class=\"h-image__frame-container\">\r\n\r\n<img decoding=\"async\" width=\"1707\" height=\"1704\" class=\"wp-image-1970 style-228-image style-local-222-c15-image\" src=\"https:\/\/centrenautique.etaples-sur-mer.fr\/wp-content\/uploads\/2023\/06\/cropped-IMG_0082-scaled-1.jpg\" alt=\"\" srcset=\"https:\/\/centrenautique.etaples-sur-mer.fr\/wp-content\/uploads\/2023\/06\/cropped-IMG_0082-scaled-1.jpg 1707w, https:\/\/centrenautique.etaples-sur-mer.fr\/wp-content\/uploads\/2023\/06\/cropped-IMG_0082-scaled-1-300x300.jpg 300w, https:\/\/centrenautique.etaples-sur-mer.fr\/wp-content\/uploads\/2023\/06\/cropped-IMG_0082-scaled-1-1024x1022.jpg 1024w, https:\/\/centrenautique.etaples-sur-mer.fr\/wp-content\/uploads\/2023\/06\/cropped-IMG_0082-scaled-1-150x150.jpg 150w, https:\/\/centrenautique.etaples-sur-mer.fr\/wp-content\/uploads\/2023\/06\/cropped-IMG_0082-scaled-1-768x767.jpg 768w, https:\/\/centrenautique.etaples-sur-mer.fr\/wp-content\/uploads\/2023\/06\/cropped-IMG_0082-scaled-1-1536x1533.jpg 1536w, https:\/\/centrenautique.etaples-sur-mer.fr\/wp-content\/uploads\/2023\/06\/cropped-IMG_0082-scaled-1-600x599.jpg 600w, https:\/\/centrenautique.etaples-sur-mer.fr\/wp-content\/uploads\/2023\/06\/cropped-IMG_0082-scaled-1-1200x1198.jpg 1200w, https:\/\/centrenautique.etaples-sur-mer.fr\/wp-content\/uploads\/2023\/06\/cropped-IMG_0082-scaled-1-800x800.jpg 800w\" sizes=\"(max-width: 1707px) 100vw, 1707px\" \/>\r\n<div class=\"h-image__frame h-hide-lg h-hide-md h-hide-sm style-228-frameImage style-local-222-c15-frameImage\"><\/div>\r\n<\/div>\r\n&nbsp;\r\n\r\n<\/div>\r\n<\/div>\r\n<div class=\"h-text h-text-component style-229 style-local-222-c16 position-relative h-element\" data-colibri-id=\"222-c16\">\r\n<div class=\"\">\r\n\r\nLe Saint Michel, construit localement aux chantier municipale de construction navale traditionnelle\u00a0est une r\u00e9plique d&rsquo; un canot \u00e0 clin du d\u00e9but du vingti\u00e8me si\u00e8cle.\r\n\r\n<\/div>\r\n<\/div>\r\n<\/div>\r\n<\/div>\r\n<\/div>\r\n<div class=\"h-column h-column-container d-flex h-col-lg-auto h-col-md-auto h-col-auto style-223-outer style-local-222-c17-outer\">\r\n<div class=\"d-flex h-flex-basis h-column__inner h-px-lg-2 h-px-md-2 h-px-2 v-inner-lg-2 v-inner-md-2 v-inner-2 style-223 style-local-222-c17 position-relative\" data-colibri-id=\"222-c17\">\r\n<div class=\"w-100 h-y-container h-column__content h-column__v-align flex-basis-100 align-self-lg-start align-self-md-start align-self-start\">\r\n<div class=\"d-block style-230 style-local-222-c18 position-relative h-element\" data-colibri-id=\"222-c18\">\r\n<div class=\"h-image__frame-container-outer\">\r\n<div class=\"h-image__frame-container\">\r\n\r\n<img loading=\"lazy\" decoding=\"async\" width=\"986\" height=\"931\" class=\"wp-image-2513 style-230-image style-local-222-c18-image\" src=\"https:\/\/centrenautique.etaples-sur-mer.fr\/wp-content\/uploads\/2023\/06\/cropped-Capture-decran-2023-06-26-111929.png\" alt=\"\" srcset=\"https:\/\/centrenautique.etaples-sur-mer.fr\/wp-content\/uploads\/2023\/06\/cropped-Capture-decran-2023-06-26-111929.png 986w, https:\/\/centrenautique.etaples-sur-mer.fr\/wp-content\/uploads\/2023\/06\/cropped-Capture-decran-2023-06-26-111929-300x283.png 300w, https:\/\/centrenautique.etaples-sur-mer.fr\/wp-content\/uploads\/2023\/06\/cropped-Capture-decran-2023-06-26-111929-768x725.png 768w, https:\/\/centrenautique.etaples-sur-mer.fr\/wp-content\/uploads\/2023\/06\/cropped-Capture-decran-2023-06-26-111929-600x567.png 600w\" sizes=\"(max-width: 986px) 100vw, 986px\" \/>\r\n<div class=\"h-image__frame h-hide-lg h-hide-md h-hide-sm style-230-frameImage style-local-222-c18-frameImage\"><\/div>\r\n<\/div>\r\n&nbsp;\r\n\r\n<\/div>\r\n<\/div>\r\n<div class=\"h-text h-text-component style-231 style-local-222-c19 position-relative h-element\" data-colibri-id=\"222-c19\">\r\n<div class=\"\">\r\n\r\nA peine sur le planche \u00e0 voile vous \u00eates conquis. Il n&rsquo;y a plus que vous, l&rsquo;eau et le vent. La voile se gonfle, l&rsquo;eau l\u00e8che vos pieds, devant vous l&rsquo;horizon scintillant vous appelle. Comment r\u00e9sister ?\r\n\r\n<\/div>\r\n<\/div>\r\n<\/div>\r\n<\/div>\r\n<\/div>\r\n<\/div>\r\n<\/div>\r\n<\/div>\r\n<\/div>\r\n<div id=\"custom-2\" class=\"h-section h-section-global-spacing d-flex align-items-lg-center align-items-md-center align-items-center style-419 style-local-222-c20 position-relative\" data-colibri-component=\"section\" data-colibri-id=\"222-c20\">\r\n<div class=\"h-section-grid-container h-section-boxed-container\">\r\n<div class=\"h-row-container gutters-row-lg-2 gutters-row-md-2 gutters-row-0 gutters-row-v-lg-2 gutters-row-v-md-2 gutters-row-v-2 style-420 style-local-222-c21 position-relative\" data-colibri-id=\"222-c21\">\r\n<div class=\"h-row justify-content-lg-center justify-content-md-center justify-content-center align-items-lg-stretch align-items-md-stretch align-items-stretch gutters-col-lg-2 gutters-col-md-2 gutters-col-0 gutters-col-v-lg-2 gutters-col-v-md-2 gutters-col-v-2\">\r\n<div class=\"h-column h-column-container d-flex h-col-lg-auto h-col-md-auto h-col-auto style-421-outer style-local-222-c22-outer\">\r\n<div class=\"d-flex h-flex-basis h-column__inner h-px-lg-2 h-px-md-2 h-px-2 v-inner-lg-2 v-inner-md-2 v-inner-2 style-421 style-local-222-c22 position-relative\" data-colibri-id=\"222-c22\">\r\n<div class=\"w-100 h-y-container h-column__content h-column__v-align flex-basis-100 align-self-lg-start align-self-md-start align-self-start\">\r\n<div class=\"h-text h-text-component style-422 style-local-222-c23 position-relative h-element\" data-colibri-id=\"222-c23\">\r\n<div class=\"\">\r\n\r\nCentre Nautique de la Canche \u2013 Bd Bigot-Descelers 62630 ETAPLES\r\n\r\n<strong>Tel : 03.21.94.74.26 mail : cn.canche@etaples-sur-mer.fr<\/strong>\r\n\r\n<\/div>\r\n<\/div>\r\n<\/div>\r\n<\/div>\r\n<\/div>\r\n<\/div>\r\n<\/div>\r\n<\/div>\r\n<\/div>\r\n<\/div>","protected":false},"excerpt":{"rendered":"<p>\u00c0 LA D\u00c9COUVERTE DU \u00ab\u00a0CENTRE NAUTIQUE\u00a0\u00bb Pour ceux qui d\u00e9sirent d\u00e9couvrir tout simplement une activit\u00e9 ou se perfectionner dans un milieu tout a fait s\u00e9curis\u00e9, l\u2019Ecole de Voile du Centre [&hellip;]<\/p>\n","protected":false},"author":2,"featured_media":0,"parent":0,"menu_order":0,"comment_status":"closed","ping_status":"open","template":"page-templates\/full-width-page.php","meta":{"footnotes":""},"class_list":["post-222","page","type-page","status-publish","hentry"],"yoast_head":"<!-- This site is optimized with the Yoast SEO plugin v25.1 - https:\/\/yoast.com\/wordpress\/plugins\/seo\/ -->\n<title>Site Officiel du Centre Nautique de la Canche \u00e0 \u00c9taples sur mer.<\/title>\n<meta name=\"description\" content=\"Bienvenue sur le site Officiel du Centre Nautique de la Canche \u00e0 \u00c9taples sur mer. Le CNC vous propose divers activit\u00e9s pour tous ! De la voile, kayak...\" \/>\n<meta name=\"robots\" content=\"index, follow, max-snippet:-1, max-image-preview:large, max-video-preview:-1\" \/>\n<link rel=\"canonical\" href=\"https:\/\/centrenautique.etaples-sur-mer.fr\/accueil\/\" \/>\n<meta property=\"og:locale\" content=\"fr_FR\" \/>\n<meta property=\"og:type\" content=\"article\" \/>\n<meta property=\"og:title\" content=\"Site Officiel du Centre Nautique de la Canche \u00e0 \u00c9taples sur mer.\" \/>\n<meta property=\"og:description\" content=\"Bienvenue sur le site Officiel du Centre Nautique de la Canche \u00e0 \u00c9taples sur mer. Le CNC vous propose divers activit\u00e9s pour tous ! De la voile, kayak...\" \/>\n<meta property=\"og:url\" content=\"https:\/\/centrenautique.etaples-sur-mer.fr\/accueil\/\" \/>\n<meta property=\"article:publisher\" content=\"https:\/\/www.facebook.com\/villeetaplessurmer\/\" \/>\n<meta property=\"article:modified_time\" content=\"2026-02-05T08:51:11+00:00\" \/>\n<meta property=\"og:image\" content=\"https:\/\/centrenautique.etaples-sur-mer.fr\/wp-content\/uploads\/2015\/02\/cropped-Voile_adulte3-1.jpg\" \/>\n\t<meta property=\"og:image:width\" content=\"425\" \/>\n\t<meta property=\"og:image:height\" content=\"425\" \/>\n\t<meta property=\"og:image:type\" content=\"image\/jpeg\" \/>\n<meta name=\"twitter:card\" content=\"summary_large_image\" \/>\n<meta name=\"twitter:site\" content=\"@Etaples_sur_mer\" \/>\n<meta name=\"twitter:label1\" content=\"Dur\u00e9e de lecture estim\u00e9e\" \/>\n\t<meta name=\"twitter:data1\" content=\"3 minutes\" \/>\n<script type=\"application\/ld+json\" class=\"yoast-schema-graph\">{\"@context\":\"https:\/\/schema.org\",\"@graph\":[{\"@type\":\"WebPage\",\"@id\":\"https:\/\/centrenautique.etaples-sur-mer.fr\/accueil\/\",\"url\":\"https:\/\/centrenautique.etaples-sur-mer.fr\/accueil\/\",\"name\":\"Site Officiel du Centre Nautique de la Canche \u00e0 \u00c9taples sur mer.\",\"isPartOf\":{\"@id\":\"https:\/\/centrenautique.etaples-sur-mer.fr\/accueil\/#website\"},\"primaryImageOfPage\":{\"@id\":\"https:\/\/centrenautique.etaples-sur-mer.fr\/accueil\/#primaryimage\"},\"image\":{\"@id\":\"https:\/\/centrenautique.etaples-sur-mer.fr\/accueil\/#primaryimage\"},\"thumbnailUrl\":\"https:\/\/centrenautique.etaples-sur-mer.fr\/wp-content\/uploads\/2015\/02\/cropped-Voile_adulte3-1.jpg\",\"datePublished\":\"2015-02-19T16:21:41+00:00\",\"dateModified\":\"2026-02-05T08:51:11+00:00\",\"description\":\"Bienvenue sur le site Officiel du Centre Nautique de la Canche \u00e0 \u00c9taples sur mer. Le CNC vous propose divers activit\u00e9s pour tous ! De la voile, kayak...\",\"breadcrumb\":{\"@id\":\"https:\/\/centrenautique.etaples-sur-mer.fr\/accueil\/#breadcrumb\"},\"inLanguage\":\"fr-FR\",\"potentialAction\":[{\"@type\":\"ReadAction\",\"target\":[\"https:\/\/centrenautique.etaples-sur-mer.fr\/accueil\/\"]}]},{\"@type\":\"ImageObject\",\"inLanguage\":\"fr-FR\",\"@id\":\"https:\/\/centrenautique.etaples-sur-mer.fr\/accueil\/#primaryimage\",\"url\":\"https:\/\/centrenautique.etaples-sur-mer.fr\/wp-content\/uploads\/2015\/02\/cropped-Voile_adulte3-1.jpg\",\"contentUrl\":\"https:\/\/centrenautique.etaples-sur-mer.fr\/wp-content\/uploads\/2015\/02\/cropped-Voile_adulte3-1.jpg\"},{\"@type\":\"BreadcrumbList\",\"@id\":\"https:\/\/centrenautique.etaples-sur-mer.fr\/accueil\/#breadcrumb\",\"itemListElement\":[{\"@type\":\"ListItem\",\"position\":1,\"name\":\"Accueil\",\"item\":\"https:\/\/centrenautique.etaples-sur-mer.fr\/accueil\/\"},{\"@type\":\"ListItem\",\"position\":2,\"name\":\"Accueil\"}]},{\"@type\":\"WebSite\",\"@id\":\"https:\/\/centrenautique.etaples-sur-mer.fr\/accueil\/#website\",\"url\":\"https:\/\/centrenautique.etaples-sur-mer.fr\/accueil\/\",\"name\":\"\",\"description\":\"Etaples-sur-mer\",\"potentialAction\":[{\"@type\":\"SearchAction\",\"target\":{\"@type\":\"EntryPoint\",\"urlTemplate\":\"https:\/\/centrenautique.etaples-sur-mer.fr\/accueil\/?s={search_term_string}\"},\"query-input\":{\"@type\":\"PropertyValueSpecification\",\"valueRequired\":true,\"valueName\":\"search_term_string\"}}],\"inLanguage\":\"fr-FR\"}]}<\/script>\n<!-- \/ Yoast SEO plugin. -->","yoast_head_json":{"title":"Site Officiel du Centre Nautique de la Canche \u00e0 \u00c9taples sur mer.","description":"Bienvenue sur le site Officiel du Centre Nautique de la Canche \u00e0 \u00c9taples sur mer. Le CNC vous propose divers activit\u00e9s pour tous ! De la voile, kayak...","robots":{"index":"index","follow":"follow","max-snippet":"max-snippet:-1","max-image-preview":"max-image-preview:large","max-video-preview":"max-video-preview:-1"},"canonical":"https:\/\/centrenautique.etaples-sur-mer.fr\/accueil\/","og_locale":"fr_FR","og_type":"article","og_title":"Site Officiel du Centre Nautique de la Canche \u00e0 \u00c9taples sur mer.","og_description":"Bienvenue sur le site Officiel du Centre Nautique de la Canche \u00e0 \u00c9taples sur mer. Le CNC vous propose divers activit\u00e9s pour tous ! De la voile, kayak...","og_url":"https:\/\/centrenautique.etaples-sur-mer.fr\/accueil\/","article_publisher":"https:\/\/www.facebook.com\/villeetaplessurmer\/","article_modified_time":"2026-02-05T08:51:11+00:00","og_image":[{"width":425,"height":425,"url":"https:\/\/centrenautique.etaples-sur-mer.fr\/wp-content\/uploads\/2015\/02\/cropped-Voile_adulte3-1.jpg","type":"image\/jpeg"}],"twitter_card":"summary_large_image","twitter_site":"@Etaples_sur_mer","twitter_misc":{"Dur\u00e9e de lecture estim\u00e9e":"3 minutes"},"schema":{"@context":"https:\/\/schema.org","@graph":[{"@type":"WebPage","@id":"https:\/\/centrenautique.etaples-sur-mer.fr\/accueil\/","url":"https:\/\/centrenautique.etaples-sur-mer.fr\/accueil\/","name":"Site Officiel du Centre Nautique de la Canche \u00e0 \u00c9taples sur mer.","isPartOf":{"@id":"https:\/\/centrenautique.etaples-sur-mer.fr\/accueil\/#website"},"primaryImageOfPage":{"@id":"https:\/\/centrenautique.etaples-sur-mer.fr\/accueil\/#primaryimage"},"image":{"@id":"https:\/\/centrenautique.etaples-sur-mer.fr\/accueil\/#primaryimage"},"thumbnailUrl":"https:\/\/centrenautique.etaples-sur-mer.fr\/wp-content\/uploads\/2015\/02\/cropped-Voile_adulte3-1.jpg","datePublished":"2015-02-19T16:21:41+00:00","dateModified":"2026-02-05T08:51:11+00:00","description":"Bienvenue sur le site Officiel du Centre Nautique de la Canche \u00e0 \u00c9taples sur mer. Le CNC vous propose divers activit\u00e9s pour tous ! De la voile, kayak...","breadcrumb":{"@id":"https:\/\/centrenautique.etaples-sur-mer.fr\/accueil\/#breadcrumb"},"inLanguage":"fr-FR","potentialAction":[{"@type":"ReadAction","target":["https:\/\/centrenautique.etaples-sur-mer.fr\/accueil\/"]}]},{"@type":"ImageObject","inLanguage":"fr-FR","@id":"https:\/\/centrenautique.etaples-sur-mer.fr\/accueil\/#primaryimage","url":"https:\/\/centrenautique.etaples-sur-mer.fr\/wp-content\/uploads\/2015\/02\/cropped-Voile_adulte3-1.jpg","contentUrl":"https:\/\/centrenautique.etaples-sur-mer.fr\/wp-content\/uploads\/2015\/02\/cropped-Voile_adulte3-1.jpg"},{"@type":"BreadcrumbList","@id":"https:\/\/centrenautique.etaples-sur-mer.fr\/accueil\/#breadcrumb","itemListElement":[{"@type":"ListItem","position":1,"name":"Accueil","item":"https:\/\/centrenautique.etaples-sur-mer.fr\/accueil\/"},{"@type":"ListItem","position":2,"name":"Accueil"}]},{"@type":"WebSite","@id":"https:\/\/centrenautique.etaples-sur-mer.fr\/accueil\/#website","url":"https:\/\/centrenautique.etaples-sur-mer.fr\/accueil\/","name":"","description":"Etaples-sur-mer","potentialAction":[{"@type":"SearchAction","target":{"@type":"EntryPoint","urlTemplate":"https:\/\/centrenautique.etaples-sur-mer.fr\/accueil\/?s={search_term_string}"},"query-input":{"@type":"PropertyValueSpecification","valueRequired":true,"valueName":"search_term_string"}}],"inLanguage":"fr-FR"}]}},"featured_media_urls":[],"_links":{"self":[{"href":"https:\/\/centrenautique.etaples-sur-mer.fr\/accueil\/wp-json\/wp\/v2\/pages\/222","targetHints":{"allow":["GET"]}}],"collection":[{"href":"https:\/\/centrenautique.etaples-sur-mer.fr\/accueil\/wp-json\/wp\/v2\/pages"}],"about":[{"href":"https:\/\/centrenautique.etaples-sur-mer.fr\/accueil\/wp-json\/wp\/v2\/types\/page"}],"author":[{"embeddable":true,"href":"https:\/\/centrenautique.etaples-sur-mer.fr\/accueil\/wp-json\/wp\/v2\/users\/2"}],"replies":[{"embeddable":true,"href":"https:\/\/centrenautique.etaples-sur-mer.fr\/accueil\/wp-json\/wp\/v2\/comments?post=222"}],"version-history":[{"count":22,"href":"https:\/\/centrenautique.etaples-sur-mer.fr\/accueil\/wp-json\/wp\/v2\/pages\/222\/revisions"}],"predecessor-version":[{"id":2715,"href":"https:\/\/centrenautique.etaples-sur-mer.fr\/accueil\/wp-json\/wp\/v2\/pages\/222\/revisions\/2715"}],"wp:attachment":[{"href":"https:\/\/centrenautique.etaples-sur-mer.fr\/accueil\/wp-json\/wp\/v2\/media?parent=222"}],"curies":[{"name":"wp","href":"https:\/\/api.w.org\/{rel}","templated":true}]}}